{"id":6154,"date":"2022-08-23T19:57:55","date_gmt":"2022-08-23T17:57:55","guid":{"rendered":"https:\/\/linditamorina.ch\/?page_id=6154"},"modified":"2026-04-06T22:37:13","modified_gmt":"2026-04-06T20:37:13","slug":"6154-2","status":"publish","type":"page","link":"https:\/\/www.linditamorina.ch\/sq\/","title":{"rendered":"Praxis Lindita Morina"},"content":{"rendered":"<a href=\"https:\/\/www.linditamorina.ch\/sq\/\" target=\"_self\" itemprop=\"url\" rel=\"nofollow\">\n\t\t\t\t\t\t\t\t\t<img decoding=\"async\" src=\"https:\/\/www.linditamorina.ch\/wp-content\/uploads\/2022\/08\/logo_clean_transparent_final.png\" alt=\"logo_clean_transparent_final\" itemprop=\"image\" height=\"836\" width=\"836\" srcset=\"https:\/\/www.linditamorina.ch\/wp-content\/uploads\/2022\/08\/logo_clean_transparent_final.png 836w, https:\/\/www.linditamorina.ch\/wp-content\/uploads\/2022\/08\/logo_clean_transparent_final-300x300.png 300w, https:\/\/www.linditamorina.ch\/wp-content\/uploads\/2022\/08\/logo_clean_transparent_final-150x150.png 150w, https:\/\/www.linditamorina.ch\/wp-content\/uploads\/2022\/08\/logo_clean_transparent_final-768x768.png 768w, https:\/\/www.linditamorina.ch\/wp-content\/uploads\/2022\/08\/logo_clean_transparent_final-12x12.png 12w, https:\/\/www.linditamorina.ch\/wp-content\/uploads\/2022\/08\/logo_clean_transparent_final-600x600.png 600w, https:\/\/www.linditamorina.ch\/wp-content\/uploads\/2022\/08\/logo_clean_transparent_final-100x100.png 100w\" sizes=\"(max-width: 836px) 100vw, 836px\" title=\"logo_clean_transparent_final\" onerror=\"this.style.display='none'\"  \/>\n\t\t\t\t\t\t\t\t\t\t\t\t\t<\/a>\n\t\t\t<a href=\"https:\/\/www.linditamorina.ch\/sq\/shop\/\" target=\"_self\">\n\t\t\t\t\t\t\tShop\n\t\t\t\t\t<\/a>\n\t\t\t<a href=\"#jetzt-termin-buchen\" target=\"_self\">\n\t\t\t\t\t\t\tJetzt Termin buchen\n\t\t\t\t\t<\/a>\n\t\t\t<button tabindex=\"0\" aria-label=\"Men\u00fc\" aria-expanded=\"false\">\n\t\t\t\tMen\u00fc\t\t\t<\/button>\n\t<nav aria-label=\"Menu\" itemscope=\"itemscope\" itemtype=\"https:\/\/schema.org\/SiteNavigationElement\">\n\t\t<a href=\"javascript:void(0)\" aria-label=\"Close the menu\" role=\"button\">\u00d7<\/a>\n\t\t<ul id=\"menu-corporate-menue\"><li id=\"menu-item-6247\"><a href=\"https:\/\/www.linditamorina.ch\/sq\/\">Startseite<\/a><\/li><li id=\"menu-item-6221\"><a href=\"https:\/\/www.linditamorina.ch\/sq\/lindita-morina\/\">Wer ich bin<\/a><\/li><li id=\"menu-item-6388\"><a href=\"https:\/\/www.linditamorina.ch\/sq\/methoden\/hypnosetherapie-programm\/\">Hypnosetherapie &#038; Coachingprogramm<\/a><\/li><li id=\"menu-item-6336\"><a href=\"#\">Schmetterlingstherapie<\/a><ul>\t<li id=\"menu-item-6335\"><a href=\"https:\/\/www.linditamorina.ch\/sq\/methoden\/hypnose\/\">Master Hypnose<\/a><\/li>\t<li id=\"menu-item-6370\"><a href=\"https:\/\/www.linditamorina.ch\/sq\/methoden\/craniosacral-therapie\/\">Craniosacral-Therapie<\/a><\/li>\t<li id=\"menu-item-6358\"><a href=\"https:\/\/www.linditamorina.ch\/sq\/methoden\/manuelle-lymphdrainage\/\">Manuelle Lymphdrainage<\/a><\/li><\/ul><\/li><li id=\"menu-item-6222\"><a href=\"https:\/\/www.linditamorina.ch\/sq\/praxis\/\">Praxis<\/a><\/li><li id=\"menu-item-6224\"><a href=\"https:\/\/www.linditamorina.ch\/sq\/klientenrezensionen\/\">Kundenstimmen<\/a><\/li><li id=\"menu-item-7736\"><a href=\"https:\/\/www.linditamorina.ch\/sq\/lindita-morina-copy\/\">Entfaltungskunst<\/a><\/li><li id=\"menu-item-7673\"><a href=\"https:\/\/www.linditamorina.ch\/sq\/shop\/\">Shop<\/a><\/li><li id=\"menu-item-6882\"><a href=\"#\">Shqip<\/a><ul>\t<li id=\"menu-item-6899\"><a href=\"https:\/\/www.linditamorina.ch\/sq\/methoden\/hypnosetherapie-programm-copy-copy-copy\/\">Hipnotherapi &#038; Coachingprogram<\/a><\/li>\t<li id=\"menu-item-6895\"><a href=\"#\">Terapia Transformuese<\/a><ul>\t\t<li id=\"menu-item-6893\"><a href=\"https:\/\/www.linditamorina.ch\/sq\/methoden\/hypnose-copy\/\">Master Hipnoze<\/a><\/li>\t\t<li id=\"menu-item-6897\"><a href=\"https:\/\/www.linditamorina.ch\/sq\/methoden\/craniosacral-therapie-copy\/\">Terapia Kraniosakrale<\/a><\/li>\t\t<li id=\"menu-item-6894\"><a href=\"https:\/\/www.linditamorina.ch\/sq\/methoden\/manuelle-lymphdrainage-copy\/\">Sistemi Limfatik<\/a><\/li><\/ul><\/li>\t<li id=\"menu-item-7150\"><a href=\"https:\/\/www.linditamorina.ch\/sq\/methoden\/hypnosetherapie-programm-copy-2\/\">Trajnim Pozitiv<\/a><\/li><\/ul><\/li><li id=\"menu-item-6223\"><a href=\"https:\/\/www.linditamorina.ch\/sq\/kontakt\/\">Kontakt<\/a><\/li><\/ul>\t<\/nav>\n<h1>\n\t\tMaster Hypnose, manuelle Lymphdrainage &#038; Craniosacrale Therapie in Luzern Hochdorf\n\t<\/h1>\n\t\t<h2>\n\t\t\tZbuloni sinergjin\u00eb e fuqishme t\u00eb drenimit limfatik, hipnoz\u00ebs s\u00eb Masterit dhe terapis\u00eb Kranio-Sakrale dhe gjeni ekuilibrin tuaj p\u00ebrs\u00ebri\n\t\t<\/h2>\n\t\t\t<p>Largohuni nga efekti JoJo duke ju \u00e7liruar nga modellet e d\u00ebmshme t\u00eb sjelljes ose emocionet nga n\u00ebndijja juaj<\/p>\t\t\n\t<p>Tani luaj filmin e shkurt\u00ebr dhe aktivizo z\u00ebrin!<\/p>\n\t\t\t<video src=\"https:\/\/www.linditamorina.ch\/wp-content\/uploads\/2023\/02\/330178136_744604036940540_1707164797794374536_n.mp4\" controls=\"\" controlslist=\"nodownload\"><\/video>\n\t\t\t\t\tPlay Video\n\t\t\t<a href =\"#jetzt-termin-buchen\" target=\"_self\" rel=\"nofollow\" aria-label=\"Tani rezervo nj\u00eb bised\u00eb fillestare pa angazhim &gt;&gt;\">\n\t\t\t\t\t\tTani rezervo nj\u00eb bised\u00eb fillestare pa angazhim &gt;&gt;\t\t\t\t\t\n\t\t\t\t\t\t<\/a>\n\t\t\t\t<img decoding=\"async\" src=\"https:\/\/www.linditamorina.ch\/wp-content\/uploads\/bb-plugin\/cache\/Lindita-Morina-in-der-Natur-circle.jpg\" alt=\"Lindita Morina in der Natur\" title=\"Lindita Morina in der Natur\" itemprop=\"image\"  \/>\n\t<p>P\u00cbR BANOR\u00cbT E LUZERNIT<\/p>\n\t<p>Shumica e njer\u00ebzve q\u00eb vijn\u00eb te un\u00eb nga komuna e Hochdorf<\/p>\n\t&#8230; leiden unter k\u00f6rperlichen und mentalen Symptomen wie R\u00fcckenschmerzen, Energielosigkeit, \u00dcbergewicht, Stress, \u00c4ngsten usw.<br \/>\nSie f\u00fchlen sich schwer und energielos.<br \/>\nSie f\u00fchlen sich so, als ob sie einen schweren K\u00f6rper mitschleppen w\u00fcrden.\n<p>&nbsp;<\/p>\nDer wirksamste Weg, um eine nachhaltige und sp\u00fcrbare Metamorphose\/Verwandlung zu erleben, \u00dcbergewicht, Stress oder \u00c4ngste loszuwerden, ist wenn man direkt an der Wurzel des \u00dcbels anpackt, in unserem Unterbewusstsein, welches unsere Handlungen automatisiert.<br \/>\nWir sind n\u00e4mlich das, was wir tagt\u00e4glich tun.\n<p>&nbsp;<\/p>\n<p>Die Hypnose ist das effektivste Mittel, um unser Unterbewusstsein von all den Gewohnheitsmustern zu befreien, die den Jojo-Effekt ausl\u00f6sen und unsere Therapieerfolge zunichte machen.<\/p>\n<p>&nbsp;<\/p>\n<p>Aus diesem Grund habe ich aus all meinen verschiedenen therapeutischen Qualifikationen, die <strong>Master<\/strong> Hypnose Ausbildung erfolgreich beim bekannten Hypnosetherapie-Experten Gabriel Palacios in Bern absolvieren k\u00f6nnen, um das letzte Puzzleteil hinzuzuf\u00fcgen. Dadurch ist nun meine einzigartige Schmetterlingstherapie entstanden &#8230;<\/p>\n<p>&nbsp;<\/p>\n<p>&nbsp;<\/p>\n\t\t\t\t<img decoding=\"async\" src=\"https:\/\/www.linditamorina.ch\/wp-content\/plugins\/bb-plugin\/img\/pixel.png\" alt=\"\" itemprop=\"image\" onerror=\"this.style.display='none'\"  \/>\n\t<p>Die folgenden Qualifikationen setze ich ein, um dich bei deiner Metamorphose zu unterst\u00fctzen<\/p>\n<h2>\n\t\tKUNDENSTIMMEN\n\t<\/h2>\n\t\t\t<a href =\"#jetzt-termin-buchen\" target=\"_self\" rel=\"nofollow\" aria-label=\"Tani rezervo nj\u00eb bised\u00eb fillestare pa angazhim &gt;&gt;\">\n\t\t\t\t\t\tTani rezervo nj\u00eb bised\u00eb fillestare pa angazhim &gt;&gt;\t\t\t\t\t\n\t\t\t\t\t\t<\/a>\n\t<p><a href=\"https:\/\/palacios-relations.ch\/therapeuten\/lindita-morina\/?u=43\">Als Hypnosetherapeutin bin ich in der offiziellen Empfehlungsliste des Instituts Gabriel Palacios gef\u00fchrt.<\/a><\/p>\nIm Online-Magazine Best of Kanton Luzern vorgestellt\nHypnose im Fokus-ein Einblick in meine therapeutische Arbeit.\n\t\t\t\t<img decoding=\"async\" src=\"https:\/\/www.linditamorina.ch\/wp-content\/uploads\/2026\/02\/1000336809-300x86.jpg\" alt=\"1000336809\" itemprop=\"image\" height=\"86\" width=\"300\" title=\"1000336809\" onerror=\"this.style.display='none'\"  \/>\n\t\t\t\t<img decoding=\"async\" src=\"https:\/\/www.linditamorina.ch\/wp-content\/uploads\/2026\/03\/Lindita.jpg\" alt=\"Lindita\" itemprop=\"image\" height=\"113\" width=\"444\" title=\"Lindita\" onerror=\"this.style.display='none'\"  \/>\n\t<p>Ganzheitliches &amp; Synergitsches Therapieprogramm<\/p>\n\t\t<h2>\n\t\t\tAnti Jojo-Effekt, Metamorphose und sp\u00fcrbar mehr Ausstrahlung, durch die 3 S\u00e4ulen der Schmetterlingstherapie\n\t\t<\/h2>\n\t<p>Master Hypnose<\/p>\n\t<p>Stress, \u00c4ngste und energieraubende Gewohnheiten wurzeln und wirken aus unserem Unterbewusstsein heraus. Sie berauben uns unserer Ausstrahlung, unserer Energie und unserem leichten Lebensgef\u00fchl. Reinige dein Unterbewusstsein durch eine tiefenwirksame Master Hypnose, um den Jojo-Effekt loszuwerden.<\/p>\n\t<p>R\u00fcckentherapie \/ Craniosacrale Therapie<\/p>\n\t<p>K\u00f6rperverspannungen, wie R\u00fcckenbeschwerden blockieren unseren K\u00f6rperfluss und erzeugen Stress, welche die Vitalstoffversorgung unserer Zellen blockieren. Sp\u00fcre durch eine Craniosacrale Therapie die Lebensenergie durch deinen K\u00f6rper fliessen.<\/p>\n\t<p>Manuelle Lymphdrainage<\/p>\n\t<p>Ein angestautes Lymphsystem, dass f\u00fcr unsere Zellerneuerung sorgt, l\u00e4sst uns schwer, m\u00fcde und energielos f\u00fchlen. Vitalstoffe gelangen kaum in unsere Zellen. Dies sieht man uns an der Ausstrahlung an. Der Zyklus unserer Hautzellen z.B. betr\u00e4gt 21 Tage. Rege dein Lymphsystem mit der Manuellen Lymphdrainage an, um deine Zellerneuerung sp\u00fcrbar anzuregen. F\u00fchle dich leicht wie ein Schmetterling.<\/p>\n\t\t\t<a href =\"#jetzt-termin-buchen\" target=\"_self\" rel=\"nofollow\" aria-label=\"Tani rezervo nj\u00eb bised\u00eb fillestare pa angazhim &gt;&gt;\">\n\t\t\t\t\t\tTani rezervo nj\u00eb bised\u00eb fillestare pa angazhim &gt;&gt;\t\t\t\t\t\n\t\t\t\t\t\t<\/a>\n\t\t<h3>Die folgenden Qualifikationen setze ich ein, um dich bei deiner Metamorphose zu unterst\u00fctzen<\/h3>\t\n\t\t\t\t<img decoding=\"async\" src=\"https:\/\/www.linditamorina.ch\/wp-content\/plugins\/bb-plugin\/img\/pixel.png\" alt=\"\" itemprop=\"image\" onerror=\"this.style.display='none'\"  \/>\n\t\t\t\t<img decoding=\"async\" src=\"https:\/\/www.linditamorina.ch\/wp-content\/plugins\/bb-plugin\/img\/pixel.png\" alt=\"\" itemprop=\"image\" onerror=\"this.style.display='none'\"  \/>\n\t\t\t\t<img decoding=\"async\" src=\"https:\/\/www.linditamorina.ch\/wp-content\/plugins\/bb-plugin\/img\/pixel.png\" alt=\"\" itemprop=\"image\" onerror=\"this.style.display='none'\"  \/>\n\t<p>Die Anforderungen f\u00fcr die Schmetterlingstherapie<\/p>\n\t\t\t<a href =\"#jetzt-termin-buchen\" target=\"_self\" rel=\"nofollow\" aria-label=\"Tani rezervo nj\u00eb bised\u00eb fillestare pa angazhim &gt;&gt;\">\n\t\t\t\t\t\tTani rezervo nj\u00eb bised\u00eb fillestare pa angazhim &gt;&gt;\t\t\t\t\t\n\t\t\t\t\t\t<\/a>\n\t<p>So findest du mich<\/p>\n\t<iframe src=\"https:\/\/www.google.com\/maps\/embed\/v1\/place?q=Hauptstrasse+44%0A6280+Hochdorf&#038;key=AIzaSyD09zQ9PNDNNy9TadMuzRV_UsPUoWKntt8\" aria-hidden=\"true\"><\/iframe>\n\t\t\t<a href =\"#jetzt-termin-buchen\" target=\"_self\" rel=\"nofollow\" aria-label=\"Tani rezervo nj\u00eb bised\u00eb fillestare pa angazhim &gt;&gt;\">\n\t\t\t\t\t\tTani rezervo nj\u00eb bised\u00eb fillestare pa angazhim &gt;&gt;\t\t\t\t\t\n\t\t\t\t\t\t<\/a>\n\t<p>Du kannst mir gerne hier eine Nachricht senden<\/p>\n\t<p>Ein telefonisches Erstgespr\u00e4ch buchen und beraten lassen &#8211; unverbindlich<\/p>\n\t<!-- Calendly Inline-Widget Beginn -->\n<!-- Calendly Inline-Widget Ende -->\n\t<p>Soziale Medien<\/p>\n\t\t<link itemprop=\"url\" href=\"https:\/\/www.linditamorina.ch\"\/>\n\t\t<a itemprop=\"sameAs\" href=\"https:\/\/www.facebook.com\/profile.php?id=100063769136434\" target=\"_self\" title=\"Facebook\" aria-label=\"Facebook\" role=\"button\">\n\t\t\t\t\t<\/a>\n\t\t<link itemprop=\"url\" href=\"https:\/\/www.linditamorina.ch\"\/>\n\t\t<a itemprop=\"sameAs\" href=\"https:\/\/www.instagram.com\/linditamoriina\/\" target=\"_self\" title=\"Instagram\" aria-label=\"Instagram\" role=\"button\">\n\t\t\t\t\t<\/a>\n\t\t<link itemprop=\"url\" href=\"https:\/\/www.linditamorina.ch\"\/>\n\t\t<a itemprop=\"sameAs\" href=\"https:\/\/www.instagram.com\/linditamorina_shqip\/\" target=\"_self\" title=\"Instagram\" aria-label=\"Instagram\" role=\"button\">\n\t\t\t\t\t<\/a>\n\t<p>Navigation<\/p>\n\t<p><a href=\"#jetzt-termin-buchen\">Jetzt Termin sichern<\/a><\/p>\n\t<p><a href=\"https:\/\/www.linditamorina.ch\/sq\/impressum\/\">Impressum<\/a><\/p>\n\t<p>Adresse<\/p>\n\tPraxis Lindita Morina<br \/>\nHauptstrasse 44<br \/>\n6280 Hochdorf<br \/>\nTel: 079 850 06 50<br \/>\nE-Mail: hallo@linditamorina.ch\n\t<p>Anreise<\/p>\n\tDer Bahnhof Hochdorf ist zwei Minuten entfernt.<br \/>\nVor dem Haus hat es Parkpl\u00e4tze.<br \/>\nWeitere Parkpl\u00e4tze im Umfeld von ein bis zwei Minuten.\n<strong>Zugang Praxis<\/strong><br \/>\nEs steht eine breite Treppe und ein Lift zur Verf\u00fcgung.<br \/>\nDie Praxis ist behindertengerecht und rollstuhlg\u00e4ngig.\n\t<p>Hinweis<\/p>\n\t<p>Meine Arbeit ersetzt keinen Arzt, sondern versteht sich als Erg\u00e4nzung zur schulmedizinischen Versorgung.<\/p>\n\t\t\t\t<img decoding=\"async\" src=\"https:\/\/www.linditamorina.ch\/wp-content\/uploads\/2022\/08\/Lindita-Morina-Logo.png\" alt=\"Lindita-Morina-Logo\" itemprop=\"image\" height=\"211\" width=\"211\" title=\"Lindita-Morina-Logo\" onerror=\"this.style.display='none'\"  \/>\n\t\t\t<a href=\"#jetzt-termin-buchen\" target=\"_self\">\n\t\t\t\t\t\t\tJetzt Termin vereinbaren\n\t\t\t\t\t<\/a>\n\tPraxis Lindita Morina\u00a9<br \/>\nAll rights reserved<br \/>\n<a href=\"https:\/\/www.marketing-macht.ch\">F\u00fcrsorglich erstellt von Marketing Macht<\/a>\n\t\t<link itemprop=\"url\" href=\"https:\/\/www.linditamorina.ch\"\/>\n\t\t<a itemprop=\"sameAs\" href=\"mailto:hallo@linditamorina.ch\" target=\"_self\" title=\"E-Mail\" aria-label=\"E-Mail\" role=\"button\">\n\t\t\t\t\t<\/a>\n\t\t<link itemprop=\"url\" href=\"https:\/\/www.linditamorina.ch\"\/>\n\t\t<a itemprop=\"sameAs\" href=\"tel: 41798500650\" target=\"_self\" title=\"\" aria-label=\"\" role=\"button\">\n\t\t\t\t\t<\/a>\n\tCopyright 2014-2022 | <a href=\"https:\/\/www.linditamorina.ch\/sq\/datenschutz\/\">Datenschutz |<\/a> <a href=\"https:\/\/www.linditamorina.ch\/sq\/agb\/\">AGB |<\/a>\nThis site is not a part of the Facebook TM website or Facebook TM Inc. Additionally, this site is NOT endorsed by FacebookTM in any way. FACEBOOK TM is a trademark of FACEBOOK TM, Inc.","protected":false},"excerpt":{"rendered":"<p>Shop Jetzt Termin buchen Men\u00fc \u00d7 Startseite Wer ich bin Hypnosetherapie &#038; Coachingprogramm Schmetterlingstherapie Master Hypnose Craniosacral-Therapie Manuelle Lymphdrainage Praxis Kundenstimmen Entfaltungskunst Shop Shqip Hipnotherapi &#038; Coachingprogram Terapia Transformuese Master Hipnoze Terapia Kraniosakrale Sistemi Limfatik Trajnim Pozitiv Kontakt Master Hypnose, manuelle Lymphdrainage &#038; Craniosacrale Therapie in Luzern Hochdorf Entdecke die kraftvolle Synergie der Lymphdrainage, Master-Hypnose&hellip;<\/p>","protected":false},"author":1,"featured_media":0,"parent":0,"menu_order":0,"comment_status":"closed","ping_status":"closed","template":"","meta":{"_acf_changed":false,"footnotes":""},"class_list":["post-6154","page","type-page","status-publish","hentry"],"acf":[],"yoast_head":"<!-- This site is optimized with the Yoast SEO plugin v27.5 - https:\/\/yoast.com\/product\/yoast-seo-wordpress\/ -->\n<title>Hypnose, K\u00f6rpertherapie &amp; Metamorphose in Hochdorf Luzern<\/title>\n<meta name=\"description\" content=\"Wie man durch die Schmetterlingstherapie das \u00e4ngstliche, energielose und schwere Ich verl\u00e4sst und sich zu einer neuen Person verwandelt\" \/>\n<meta name=\"robots\" content=\"index, follow, max-snippet:-1, max-image-preview:large, max-video-preview:-1\" \/>\n<link rel=\"canonical\" href=\"https:\/\/www.linditamorina.ch\/sq\/\" \/>\n<meta property=\"og:locale\" content=\"sq_AL\" \/>\n<meta property=\"og:type\" content=\"article\" \/>\n<meta property=\"og:title\" content=\"Hypnose, K\u00f6rpertherapie &amp; Metamorphose in Hochdorf Luzern\" \/>\n<meta property=\"og:description\" content=\"Wie man durch die Schmetterlingstherapie das \u00e4ngstliche, energielose und schwere Ich verl\u00e4sst und sich zu einer neuen Person verwandelt\" \/>\n<meta property=\"og:url\" content=\"https:\/\/www.linditamorina.ch\/sq\/\" \/>\n<meta property=\"og:site_name\" content=\"Lindita Morina\" \/>\n<meta property=\"article:modified_time\" content=\"2026-04-06T20:37:13+00:00\" \/>\n<meta property=\"og:image\" content=\"https:\/\/www.linditamorina.ch\/wp-content\/uploads\/2022\/08\/logo_clean_transparent_final.png\" \/>\n<meta name=\"twitter:card\" content=\"summary_large_image\" \/>\n<meta name=\"twitter:label1\" content=\"Est. reading time\" \/>\n\t<meta name=\"twitter:data1\" content=\"8 minuta\" \/>\n<script type=\"application\/ld+json\" class=\"yoast-schema-graph\">{\"@context\":\"https:\\\/\\\/schema.org\",\"@graph\":[{\"@type\":\"WebPage\",\"@id\":\"https:\\\/\\\/www.linditamorina.ch\\\/\",\"url\":\"https:\\\/\\\/www.linditamorina.ch\\\/\",\"name\":\"Hypnose, K\u00f6rpertherapie & Metamorphose in Hochdorf Luzern\",\"isPartOf\":{\"@id\":\"https:\\\/\\\/www.linditamorina.ch\\\/#website\"},\"primaryImageOfPage\":{\"@id\":\"https:\\\/\\\/www.linditamorina.ch\\\/#primaryimage\"},\"image\":{\"@id\":\"https:\\\/\\\/www.linditamorina.ch\\\/#primaryimage\"},\"thumbnailUrl\":\"https:\\\/\\\/www.linditamorina.ch\\\/wp-content\\\/uploads\\\/2022\\\/08\\\/logo_clean_transparent_final.png\",\"datePublished\":\"2022-08-23T17:57:55+00:00\",\"dateModified\":\"2026-04-06T20:37:13+00:00\",\"description\":\"Wie man durch die Schmetterlingstherapie das \u00e4ngstliche, energielose und schwere Ich verl\u00e4sst und sich zu einer neuen Person verwandelt\",\"breadcrumb\":{\"@id\":\"https:\\\/\\\/www.linditamorina.ch\\\/#breadcrumb\"},\"inLanguage\":\"sq\",\"potentialAction\":[{\"@type\":\"ReadAction\",\"target\":[\"https:\\\/\\\/www.linditamorina.ch\\\/\"]}]},{\"@type\":\"ImageObject\",\"inLanguage\":\"sq\",\"@id\":\"https:\\\/\\\/www.linditamorina.ch\\\/#primaryimage\",\"url\":\"https:\\\/\\\/www.linditamorina.ch\\\/wp-content\\\/uploads\\\/2022\\\/08\\\/logo_clean_transparent_final.png\",\"contentUrl\":\"https:\\\/\\\/www.linditamorina.ch\\\/wp-content\\\/uploads\\\/2022\\\/08\\\/logo_clean_transparent_final.png\"},{\"@type\":\"BreadcrumbList\",\"@id\":\"https:\\\/\\\/www.linditamorina.ch\\\/#breadcrumb\",\"itemListElement\":[{\"@type\":\"ListItem\",\"position\":1,\"name\":\"Startseite\",\"item\":\"https:\\\/\\\/www.linditamorina.ch\\\/\"},{\"@type\":\"ListItem\",\"position\":2,\"name\":\"Praxis Lindita Morina\"}]},{\"@type\":\"WebSite\",\"@id\":\"https:\\\/\\\/www.linditamorina.ch\\\/#website\",\"url\":\"https:\\\/\\\/www.linditamorina.ch\\\/\",\"name\":\"Lindita Morina\",\"description\":\"\",\"publisher\":{\"@id\":\"https:\\\/\\\/www.linditamorina.ch\\\/#\\\/schema\\\/person\\\/4083822b80eaacdce90739e778717db5\"},\"potentialAction\":[{\"@type\":\"SearchAction\",\"target\":{\"@type\":\"EntryPoint\",\"urlTemplate\":\"https:\\\/\\\/www.linditamorina.ch\\\/?s={search_term_string}\"},\"query-input\":{\"@type\":\"PropertyValueSpecification\",\"valueRequired\":true,\"valueName\":\"search_term_string\"}}],\"inLanguage\":\"sq\"},{\"@type\":[\"Person\",\"Organization\"],\"@id\":\"https:\\\/\\\/www.linditamorina.ch\\\/#\\\/schema\\\/person\\\/4083822b80eaacdce90739e778717db5\",\"name\":\"Lindita Morina\",\"image\":{\"@type\":\"ImageObject\",\"inLanguage\":\"sq\",\"@id\":\"https:\\\/\\\/www.linditamorina.ch\\\/wp-content\\\/uploads\\\/2022\\\/08\\\/Lindita-Morina-in-der-Natur.jpg\",\"url\":\"https:\\\/\\\/www.linditamorina.ch\\\/wp-content\\\/uploads\\\/2022\\\/08\\\/Lindita-Morina-in-der-Natur.jpg\",\"contentUrl\":\"https:\\\/\\\/www.linditamorina.ch\\\/wp-content\\\/uploads\\\/2022\\\/08\\\/Lindita-Morina-in-der-Natur.jpg\",\"width\":500,\"height\":620,\"caption\":\"Lindita Morina\"},\"logo\":{\"@id\":\"https:\\\/\\\/www.linditamorina.ch\\\/wp-content\\\/uploads\\\/2022\\\/08\\\/Lindita-Morina-in-der-Natur.jpg\"},\"sameAs\":[\"https:\\\/\\\/linditamorina.ch\"]}]}<\/script>\n<!-- \/ Yoast SEO plugin. -->","yoast_head_json":{"title":"Hypnose, K\u00f6rpertherapie & Metamorphose in Hochdorf Luzern","description":"Wie man durch die Schmetterlingstherapie das \u00e4ngstliche, energielose und schwere Ich verl\u00e4sst und sich zu einer neuen Person verwandelt","robots":{"index":"index","follow":"follow","max-snippet":"max-snippet:-1","max-image-preview":"max-image-preview:large","max-video-preview":"max-video-preview:-1"},"canonical":"https:\/\/www.linditamorina.ch\/sq\/","og_locale":"sq_AL","og_type":"article","og_title":"Hypnose, K\u00f6rpertherapie & Metamorphose in Hochdorf Luzern","og_description":"Wie man durch die Schmetterlingstherapie das \u00e4ngstliche, energielose und schwere Ich verl\u00e4sst und sich zu einer neuen Person verwandelt","og_url":"https:\/\/www.linditamorina.ch\/sq\/","og_site_name":"Lindita Morina","article_modified_time":"2026-04-06T20:37:13+00:00","og_image":[{"url":"https:\/\/www.linditamorina.ch\/wp-content\/uploads\/2022\/08\/logo_clean_transparent_final.png","type":"","width":"","height":""}],"twitter_card":"summary_large_image","twitter_misc":{"Est. reading time":"8 minuta"},"schema":{"@context":"https:\/\/schema.org","@graph":[{"@type":"WebPage","@id":"https:\/\/www.linditamorina.ch\/","url":"https:\/\/www.linditamorina.ch\/","name":"Hypnose, K\u00f6rpertherapie & Metamorphose in Hochdorf Luzern","isPartOf":{"@id":"https:\/\/www.linditamorina.ch\/#website"},"primaryImageOfPage":{"@id":"https:\/\/www.linditamorina.ch\/#primaryimage"},"image":{"@id":"https:\/\/www.linditamorina.ch\/#primaryimage"},"thumbnailUrl":"https:\/\/www.linditamorina.ch\/wp-content\/uploads\/2022\/08\/logo_clean_transparent_final.png","datePublished":"2022-08-23T17:57:55+00:00","dateModified":"2026-04-06T20:37:13+00:00","description":"Wie man durch die Schmetterlingstherapie das \u00e4ngstliche, energielose und schwere Ich verl\u00e4sst und sich zu einer neuen Person verwandelt","breadcrumb":{"@id":"https:\/\/www.linditamorina.ch\/#breadcrumb"},"inLanguage":"sq","potentialAction":[{"@type":"ReadAction","target":["https:\/\/www.linditamorina.ch\/"]}]},{"@type":"ImageObject","inLanguage":"sq","@id":"https:\/\/www.linditamorina.ch\/#primaryimage","url":"https:\/\/www.linditamorina.ch\/wp-content\/uploads\/2022\/08\/logo_clean_transparent_final.png","contentUrl":"https:\/\/www.linditamorina.ch\/wp-content\/uploads\/2022\/08\/logo_clean_transparent_final.png"},{"@type":"BreadcrumbList","@id":"https:\/\/www.linditamorina.ch\/#breadcrumb","itemListElement":[{"@type":"ListItem","position":1,"name":"Startseite","item":"https:\/\/www.linditamorina.ch\/"},{"@type":"ListItem","position":2,"name":"Praxis Lindita Morina"}]},{"@type":"WebSite","@id":"https:\/\/www.linditamorina.ch\/#website","url":"https:\/\/www.linditamorina.ch\/","name":"Lindita Morina","description":"","publisher":{"@id":"https:\/\/www.linditamorina.ch\/#\/schema\/person\/4083822b80eaacdce90739e778717db5"},"potentialAction":[{"@type":"SearchAction","target":{"@type":"EntryPoint","urlTemplate":"https:\/\/www.linditamorina.ch\/?s={search_term_string}"},"query-input":{"@type":"PropertyValueSpecification","valueRequired":true,"valueName":"search_term_string"}}],"inLanguage":"sq"},{"@type":["Person","Organization"],"@id":"https:\/\/www.linditamorina.ch\/#\/schema\/person\/4083822b80eaacdce90739e778717db5","name":"Lindita Morina","image":{"@type":"ImageObject","inLanguage":"sq","@id":"https:\/\/www.linditamorina.ch\/wp-content\/uploads\/2022\/08\/Lindita-Morina-in-der-Natur.jpg","url":"https:\/\/www.linditamorina.ch\/wp-content\/uploads\/2022\/08\/Lindita-Morina-in-der-Natur.jpg","contentUrl":"https:\/\/www.linditamorina.ch\/wp-content\/uploads\/2022\/08\/Lindita-Morina-in-der-Natur.jpg","width":500,"height":620,"caption":"Lindita Morina"},"logo":{"@id":"https:\/\/www.linditamorina.ch\/wp-content\/uploads\/2022\/08\/Lindita-Morina-in-der-Natur.jpg"},"sameAs":["https:\/\/linditamorina.ch"]}]}},"jetpack_sharing_enabled":true,"_links":{"self":[{"href":"https:\/\/www.linditamorina.ch\/sq\/wp-json\/wp\/v2\/pages\/6154","targetHints":{"allow":["GET"]}}],"collection":[{"href":"https:\/\/www.linditamorina.ch\/sq\/wp-json\/wp\/v2\/pages"}],"about":[{"href":"https:\/\/www.linditamorina.ch\/sq\/wp-json\/wp\/v2\/types\/page"}],"author":[{"embeddable":true,"href":"https:\/\/www.linditamorina.ch\/sq\/wp-json\/wp\/v2\/users\/1"}],"replies":[{"embeddable":true,"href":"https:\/\/www.linditamorina.ch\/sq\/wp-json\/wp\/v2\/comments?post=6154"}],"version-history":[{"count":144,"href":"https:\/\/www.linditamorina.ch\/sq\/wp-json\/wp\/v2\/pages\/6154\/revisions"}],"predecessor-version":[{"id":8708,"href":"https:\/\/www.linditamorina.ch\/sq\/wp-json\/wp\/v2\/pages\/6154\/revisions\/8708"}],"wp:attachment":[{"href":"https:\/\/www.linditamorina.ch\/sq\/wp-json\/wp\/v2\/media?parent=6154"}],"curies":[{"name":"wp","href":"https:\/\/api.w.org\/{rel}","templated":true}]}}