{"id":6214,"date":"2022-08-24T15:11:02","date_gmt":"2022-08-24T13:11:02","guid":{"rendered":"https:\/\/www.linditamorina.ch\/?page_id=6214"},"modified":"2023-08-13T18:44:59","modified_gmt":"2023-08-13T16:44:59","slug":"impressum","status":"publish","type":"page","link":"https:\/\/www.linditamorina.ch\/sq\/impressum\/","title":{"rendered":"Impressum"},"content":{"rendered":"<a href=\"https:\/\/www.linditamorina.ch\/sq\/\" target=\"_self\" itemprop=\"url\" rel=\"nofollow noopener\">\n\t\t\t\t\t\t\t\t\t<img decoding=\"async\" src=\"https:\/\/www.linditamorina.ch\/wp-content\/uploads\/2022\/08\/Lindita-Morina-Logo.png\" alt=\"Lindita-Morina-Logo\" itemprop=\"image\" height=\"211\" width=\"211\" srcset=\"https:\/\/www.linditamorina.ch\/wp-content\/uploads\/2022\/08\/Lindita-Morina-Logo.png 211w, https:\/\/www.linditamorina.ch\/wp-content\/uploads\/2022\/08\/Lindita-Morina-Logo-150x150.png 150w\" sizes=\"(max-width: 211px) 100vw, 211px\" title=\"Lindita-Morina-Logo\" onerror=\"this.style.display='none'\">\n\t\t\t\t\t\t\t\t\t\t\t\t\t<\/a>\n\t\t\t<a href=\"#jetzt-termin-buchen\" target=\"_self\" role=\"button\" rel=\"noopener\">\n\t\t\t\t\t\t\tJetzt Termin buchen\n\t\t\t\t\t<\/a>\n\t\t\t\tMen\u00fc\t\t\t\n\t<nav aria-label=\"Corporate Men\u00fc\" itemscope=\"itemscope\" itemtype=\"https:\/\/schema.org\/SiteNavigationElement\">\n\t\t<a href=\"javascript:void(0)\" aria-label=\"Close the menu\" role=\"button\">\u00d7<\/a>\n\t\t<ul id=\"menu-corporate-menue\"><li id=\"menu-item-6247\"><a href=\"https:\/\/www.linditamorina.ch\/sq\/\" tabindex=\"0\" role=\"link\">Startseite<\/a><\/li><li id=\"menu-item-6221\"><a href=\"https:\/\/www.linditamorina.ch\/sq\/lindita-morina\/\" tabindex=\"0\" role=\"link\">Wer ich bin<\/a><\/li><li id=\"menu-item-6222\"><a href=\"https:\/\/www.linditamorina.ch\/sq\/praxis\/\" tabindex=\"0\" role=\"link\">Praxis<\/a><\/li><li id=\"menu-item-6224\"><a href=\"https:\/\/www.linditamorina.ch\/sq\/klientenrezensionen\/\" tabindex=\"0\" role=\"link\">Klientenrezensionen<\/a><\/li><li id=\"menu-item-6223\"><a href=\"https:\/\/www.linditamorina.ch\/sq\/kontakt\/\" tabindex=\"0\" role=\"link\">Kontakt<\/a><\/li><\/ul>\n\t\t\t<\/nav>\n\t\t\t<a href=\"\/sq\/history.back()\/\" target=\"_self\" rel=\"nofollow noopener\">\n\t\t\t\t\t\t&lt;&lt;&lt; Zur\u00fcck bitte &lt;&lt;&lt;\t\t\t\t\t\n\t\t\t\t\t\t<\/a>\n<p>&nbsp;<\/p>\n<p>&nbsp;<\/p>\n<p><strong>www.linditamorina.ch wird herzlich pr\u00e4sentiert<\/strong><\/p>\n<p>&nbsp;<\/p>\n<p><b>Impressum<\/b><\/p>\n<b>Angaben gem\u00e4\u00df \u00a7 5 TMG:<br>\n<\/b>\n<p>Praxis Lindita Morina<\/p>\n<p>Hauptstrasse 44<\/p>\n<p>6280 Hochdorf<\/p>\n<p>&nbsp;<\/p>\n<p><b>Vertreten durch:<\/b><\/p>\n<p>Lindita Morina<\/p>\n<p>&nbsp;<\/p>\n<p><b>Kontakt:<\/b><\/p>\n<p>Telefon: +4179 850 06 50<\/p>\n<p>E-Mail: hallo@linditamorina.ch<\/p>\n<p>&nbsp;<\/p>\n<p>&nbsp;<\/p>\n<p><b>Hinweis auf EU-Streitschlichtung<\/b><\/p>\n<p>Die Europ\u00e4ische Kommission stellt eine Plattform zur Online-Streitbeilegung (OS) bereit: <a id=\"link-56eal6owjyh\" href=\"http:\/\/ec.europa.eu\/consumers\/odr\" target=\"_blank\" rel=\"noopener null\" type=\"url\"><u>http:\/\/ec.europa.eu\/consumers\/odr<\/u><\/a><\/p>\n<p>Unsere E-Mail-Adresse finden sie oben im Impressum.<\/p>\n<p>&nbsp;<\/p>\n<p>&nbsp;<\/p>\n<p><b>Haftungsausschluss (Disclaimer)<\/b><\/p>\n<p><b>Haftung f\u00fcr Inhalte<\/b><\/p>\n<p>Als Diensteanbieter sind wir gem\u00e4\u00df \u00a7 7 Abs.1 TMG f\u00fcr eigene Inhalte auf diesen Seiten nach den allgemeinen Gesetzen verantwortlich. Nach \u00a7\u00a7 8 bis 10 TMG sind wir als Diensteanbieter jedoch nicht verpflichtet, \u00fcbermittelte oder gespeicherte fremde Informationen zu \u00fcberwachen oder nach Umst\u00e4nden zu forschen, die auf eine rechtswidrige T\u00e4tigkeit hinweisen. Verpflichtungen zur Entfernung oder Sperrung der Nutzung von Informationen nach den allgemeinen Gesetzen bleiben hiervon unber\u00fchrt. Eine diesbez\u00fcgliche Haftung ist jedoch erst ab dem Zeitpunkt der Kenntnis einer konkreten Rechtsverletzung m\u00f6glich. Bei Bekanntwerden von entsprechenden Rechtsverletzungen werden wir diese Inhalte umgehend entfernen.<\/p>\n<p>&nbsp;<\/p>\n<p>&nbsp;<\/p>\n<p>&nbsp;<\/p>\n<p>&nbsp;<\/p>\n<p><b>Haftung f\u00fcr Links<\/b><\/p>\n<p>Unser Angebot enth\u00e4lt Links zu externen Webseiten Dritter, auf deren Inhalte wir keinen Einfluss haben. Deshalb k\u00f6nnen wir f\u00fcr diese fremden Inhalte auch keine Gew\u00e4hr \u00fcbernehmen. F\u00fcr die Inhalte der verlinkten Seiten ist stets der jeweilige Anbieter oder Betreiber der Seiten verantwortlich. Die verlinkten Seiten wurden zum Zeitpunkt der Verlinkung auf m\u00f6gliche Rechtsverst\u00f6\u00dfe \u00fcberpr\u00fcft. Rechtswidrige Inhalte waren zum Zeitpunkt der Verlinkung nicht erkennbar. Eine permanente inhaltliche Kontrolle der verlinkten Seiten ist jedoch ohne konkrete Anhaltspunkte einer Rechtsverletzung nicht zumutbar. Bei Bekanntwerden von Rechtsverletzungen werden wir derartige Links umgehend entfernen.<\/p>\n<p>&nbsp;<\/p>\n<p>&nbsp;<\/p>\n<p>&nbsp;<\/p>\n<p>&nbsp;<\/p>\n<p><b>Urheberrecht<\/b><\/p>\n<p>Die durch die Seitenbetreiber erstellten Inhalte und Werke auf diesen Seiten unterliegen dem deutschen Urheberrecht. Die Vervielf\u00e4ltigung, Bearbeitung, Verbreitung und jede Art der Verwertung au\u00dferhalb der Grenzen des Urheberrechtes bed\u00fcrfen der schriftlichen Zustimmung des jeweiligen Autors bzw. Erstellers. Downloads und Kopien dieser Seite sind nur f\u00fcr den privaten, nicht kommerziellen Gebrauch gestattet. Soweit die Inhalte auf dieser Seite nicht vom Betreiber erstellt wurden, werden die Urheberrechte Dritter beachtet. Insbesondere werden Inhalte Dritter als solche gekennzeichnet. Sollten Sie trotzdem auf eine Urheberrechtsverletzung aufmerksam werden, bitten wir um einen entsprechenden Hinweis. Bei Bekanntwerden von Rechtsverletzungen werden wir derartige Inhalte umgehend entfernen.<\/p>\n<p>Quelle:<\/p>\n<p><i>https:\/\/www.e-recht24.de<\/i><\/p>\n<p>&nbsp;<\/p>\n<img decoding=\"async\" src=\"https:\/\/www.it-recht-kanzlei.de\/gfx\/Logos\/logo-fairness-160.png\" alt=\"\"><br>\nMitglied der Initiative &#8220;Fairness im Handel&#8221;.<br>\nN\u00e4here Informationen:&nbsp;<a href=\"https:\/\/www.fairness-im-handel.de\/\" target=\"_blank\" rel=\"noopener noreferrer\">https:\/\/www.fairness-im-handel.de<\/a>\n<p>&nbsp;<\/p>\n\t\t\t<a href=\"\/sq\/history.back()\/\" target=\"_self\" rel=\"nofollow noopener\">\n\t\t\t\t\t\t&lt;&lt;&lt; Zur\u00fcck bitte &lt;&lt;&lt;\t\t\t\t\t\n\t\t\t\t\t\t<\/a>\n\t<p>Soziale Medien<\/p>\n\t\t<link itemprop=\"url\" href=\"https:\/\/www.linditamorina.ch\">\n\t\t<a itemprop=\"sameAs\" href=\"https:\/\/www.facebook.com\/profile.php?id=100063769136434\" target=\"_self\" title=\"Facebook\" aria-label=\"Facebook\" role=\"button\" rel=\"noopener\">\n\t\t\t\t\t<\/a>\n\t\t<link itemprop=\"url\" href=\"https:\/\/www.linditamorina.ch\">\n\t\t<a itemprop=\"sameAs\" href=\"https:\/\/www.instagram.com\/linditamoriina\/\" target=\"_self\" title=\"Instagram\" aria-label=\"Instagram\" role=\"button\" rel=\"noopener\">\n\t\t\t\t\t<\/a>\n\t\t<link itemprop=\"url\" href=\"https:\/\/www.linditamorina.ch\">\n\t\t<a itemprop=\"sameAs\" href=\"https:\/\/www.instagram.com\/linditamorina_shqip\/\" target=\"_self\" title=\"Instagram\" aria-label=\"Instagram\" role=\"button\" rel=\"noopener\">\n\t\t\t\t\t<\/a>\n\t<p>Navigation<\/p>\n\t<p><a href=\"#jetzt-termin-buchen\">Jetzt Termin sichern<\/a><\/p>\n\t<p><a href=\"https:\/\/www.linditamorina.ch\/sq\/impressum\/\">Impressum<\/a><\/p>\n\t<p>Adresse<\/p>\n\tPraxis Lindita Morina<br>\nHauptstrasse 44<br>\n6280 Hochdorf<br>\nTel: 079 850 06 50<br>\nE-Mail: hallo@linditamorina.ch\n\t<p>Anreise<\/p>\n\tDer Bahnhof Hochdorf ist zwei Minuten entfernt.<br>\nVor dem Haus hat es Parkpl\u00e4tze.<br>\nWeitere Parkpl\u00e4tze im Umfeld von ein bis zwei Minuten.\n<strong>Zugang Praxis<\/strong><br>\nEs steht eine breite Treppe und ein Lift zur Verf\u00fcgung.<br>\nDie Praxis ist behindertengerecht und rollstuhlg\u00e4ngig.\n\t<p>Hinweis<\/p>\n\t<p>Meine Arbeit ersetzt keinen Arzt, sondern versteht sich als Erg\u00e4nzung zur schulmedizinischen Versorgung.<\/p>\n\t\t\t\t<img decoding=\"async\" src=\"https:\/\/www.linditamorina.ch\/wp-content\/uploads\/2022\/08\/Lindita-Morina-Logo.png\" alt=\"Lindita-Morina-Logo\" itemprop=\"image\" height=\"211\" width=\"211\" title=\"Lindita-Morina-Logo\" onerror=\"this.style.display='none'\">\n\t\t\t<a href=\"#jetzt-termin-buchen\" target=\"_self\" role=\"button\" rel=\"noopener\">\n\t\t\t\t\t\t\tJetzt Termin vereinbaren\n\t\t\t\t\t<\/a>\n\tPraxis Lindita Morina\u00a9<br>\nAll rights reserved<br>\n<a href=\"https:\/\/www.marketing-macht.ch\">F\u00fcrsorglich erstellt von Marketing Macht<\/a>\n\t\t<link itemprop=\"url\" href=\"https:\/\/www.linditamorina.ch\">\n\t\t<a itemprop=\"sameAs\" href=\"mailto:hallo@linditamorina.ch\" target=\"_self\" title=\"E-Mail\" aria-label=\"E-Mail\" role=\"button\" rel=\"noopener\">\n\t\t\t\t\t<\/a>\n\t\t<link itemprop=\"url\" href=\"https:\/\/www.linditamorina.ch\">\n\t\t<a itemprop=\"sameAs\" href=\"tel: 41798500650\" target=\"_self\" title=\"\" aria-label=\"\" role=\"button\" rel=\"noopener\">\n\t\t\t\t\t<\/a>\n\tCopyright 2014-2022 | <a href=\"https:\/\/www.linditamorina.ch\/sq\/datenschutz\/\">Datenschutz |<\/a> <a href=\"https:\/\/www.linditamorina.ch\/sq\/agb\/\">AGB |<\/a>\nThis site is not a part of the Facebook TM website or Facebook TM Inc. Additionally, this site is NOT endorsed by FacebookTM in any way. FACEBOOK TM is a trademark of FACEBOOK TM, Inc.","protected":false},"excerpt":{"rendered":"<p>Jetzt Termin buchen Men\u00fc \u00d7 Startseite Wer ich bin Praxis Klientenrezensionen Kontakt &lt;&lt;&lt; Zur\u00fcck bitte &lt;&lt;&lt; &nbsp; &nbsp; www.linditamorina.ch wird herzlich pr\u00e4sentiert &nbsp; Impressum Angaben gem\u00e4\u00df \u00a7 5 TMG: Praxis Lindita Morina Hauptstrasse 44 6280 Hochdorf &nbsp; Vertreten durch: Lindita Morina &nbsp; Kontakt: Telefon: +4179 850 06 50 E-Mail: hallo@linditamorina.ch &nbsp; &nbsp; Hinweis auf EU-Streitschlichtung&hellip;<\/p>","protected":false},"author":1,"featured_media":0,"parent":0,"menu_order":0,"comment_status":"closed","ping_status":"closed","template":"","meta":{"_acf_changed":false,"footnotes":""},"class_list":["post-6214","page","type-page","status-publish","hentry"],"acf":[],"yoast_head":"<!-- This site is optimized with the Yoast SEO plugin v27.5 - https:\/\/yoast.com\/product\/yoast-seo-wordpress\/ -->\n<title>Impressum - Lindita Morina<\/title>\n<meta name=\"robots\" content=\"index, follow, max-snippet:-1, max-image-preview:large, max-video-preview:-1\" \/>\n<link rel=\"canonical\" href=\"https:\/\/www.linditamorina.ch\/sq\/impressum\/\" \/>\n<meta property=\"og:locale\" content=\"sq_AL\" \/>\n<meta property=\"og:type\" content=\"article\" \/>\n<meta property=\"og:title\" content=\"Impressum - Lindita Morina\" \/>\n<meta property=\"og:description\" content=\"Jetzt Termin buchen Men\u00fc \u00d7 Startseite Wer ich bin Praxis Klientenrezensionen Kontakt &lt;&lt;&lt; Zur\u00fcck bitte &lt;&lt;&lt; &nbsp; &nbsp; www.linditamorina.ch wird herzlich pr\u00e4sentiert &nbsp; Impressum Angaben gem\u00e4\u00df \u00a7 5 TMG: Praxis Lindita Morina Hauptstrasse 44 6280 Hochdorf &nbsp; Vertreten durch: Lindita Morina &nbsp; Kontakt: Telefon: +4179 850 06 50 E-Mail: hallo@linditamorina.ch &nbsp; &nbsp; Hinweis auf EU-Streitschlichtung&hellip;\" \/>\n<meta property=\"og:url\" content=\"https:\/\/www.linditamorina.ch\/sq\/impressum\/\" \/>\n<meta property=\"og:site_name\" content=\"Lindita Morina\" \/>\n<meta property=\"article:modified_time\" content=\"2023-08-13T16:44:59+00:00\" \/>\n<meta property=\"og:image\" content=\"https:\/\/www.linditamorina.ch\/wp-content\/uploads\/2022\/08\/Lindita-Morina-Logo.png\" \/>\n<meta name=\"twitter:card\" content=\"summary_large_image\" \/>\n<meta name=\"twitter:label1\" content=\"Est. reading time\" \/>\n\t<meta name=\"twitter:data1\" content=\"4 minuta\" \/>\n<script type=\"application\/ld+json\" class=\"yoast-schema-graph\">{\"@context\":\"https:\\\/\\\/schema.org\",\"@graph\":[{\"@type\":\"WebPage\",\"@id\":\"https:\\\/\\\/www.linditamorina.ch\\\/impressum\\\/\",\"url\":\"https:\\\/\\\/www.linditamorina.ch\\\/impressum\\\/\",\"name\":\"Impressum - Lindita Morina\",\"isPartOf\":{\"@id\":\"https:\\\/\\\/www.linditamorina.ch\\\/#website\"},\"primaryImageOfPage\":{\"@id\":\"https:\\\/\\\/www.linditamorina.ch\\\/impressum\\\/#primaryimage\"},\"image\":{\"@id\":\"https:\\\/\\\/www.linditamorina.ch\\\/impressum\\\/#primaryimage\"},\"thumbnailUrl\":\"https:\\\/\\\/www.linditamorina.ch\\\/wp-content\\\/uploads\\\/2022\\\/08\\\/Lindita-Morina-Logo.png\",\"datePublished\":\"2022-08-24T13:11:02+00:00\",\"dateModified\":\"2023-08-13T16:44:59+00:00\",\"breadcrumb\":{\"@id\":\"https:\\\/\\\/www.linditamorina.ch\\\/impressum\\\/#breadcrumb\"},\"inLanguage\":\"sq\",\"potentialAction\":[{\"@type\":\"ReadAction\",\"target\":[\"https:\\\/\\\/www.linditamorina.ch\\\/impressum\\\/\"]}]},{\"@type\":\"ImageObject\",\"inLanguage\":\"sq\",\"@id\":\"https:\\\/\\\/www.linditamorina.ch\\\/impressum\\\/#primaryimage\",\"url\":\"https:\\\/\\\/www.linditamorina.ch\\\/wp-content\\\/uploads\\\/2022\\\/08\\\/Lindita-Morina-Logo.png\",\"contentUrl\":\"https:\\\/\\\/www.linditamorina.ch\\\/wp-content\\\/uploads\\\/2022\\\/08\\\/Lindita-Morina-Logo.png\"},{\"@type\":\"BreadcrumbList\",\"@id\":\"https:\\\/\\\/www.linditamorina.ch\\\/impressum\\\/#breadcrumb\",\"itemListElement\":[{\"@type\":\"ListItem\",\"position\":1,\"name\":\"Startseite\",\"item\":\"https:\\\/\\\/www.linditamorina.ch\\\/\"},{\"@type\":\"ListItem\",\"position\":2,\"name\":\"Impressum\"}]},{\"@type\":\"WebSite\",\"@id\":\"https:\\\/\\\/www.linditamorina.ch\\\/#website\",\"url\":\"https:\\\/\\\/www.linditamorina.ch\\\/\",\"name\":\"Lindita Morina\",\"description\":\"\",\"publisher\":{\"@id\":\"https:\\\/\\\/www.linditamorina.ch\\\/#\\\/schema\\\/person\\\/4083822b80eaacdce90739e778717db5\"},\"potentialAction\":[{\"@type\":\"SearchAction\",\"target\":{\"@type\":\"EntryPoint\",\"urlTemplate\":\"https:\\\/\\\/www.linditamorina.ch\\\/?s={search_term_string}\"},\"query-input\":{\"@type\":\"PropertyValueSpecification\",\"valueRequired\":true,\"valueName\":\"search_term_string\"}}],\"inLanguage\":\"sq\"},{\"@type\":[\"Person\",\"Organization\"],\"@id\":\"https:\\\/\\\/www.linditamorina.ch\\\/#\\\/schema\\\/person\\\/4083822b80eaacdce90739e778717db5\",\"name\":\"Lindita Morina\",\"image\":{\"@type\":\"ImageObject\",\"inLanguage\":\"sq\",\"@id\":\"https:\\\/\\\/www.linditamorina.ch\\\/wp-content\\\/uploads\\\/2022\\\/08\\\/Lindita-Morina-in-der-Natur.jpg\",\"url\":\"https:\\\/\\\/www.linditamorina.ch\\\/wp-content\\\/uploads\\\/2022\\\/08\\\/Lindita-Morina-in-der-Natur.jpg\",\"contentUrl\":\"https:\\\/\\\/www.linditamorina.ch\\\/wp-content\\\/uploads\\\/2022\\\/08\\\/Lindita-Morina-in-der-Natur.jpg\",\"width\":500,\"height\":620,\"caption\":\"Lindita Morina\"},\"logo\":{\"@id\":\"https:\\\/\\\/www.linditamorina.ch\\\/wp-content\\\/uploads\\\/2022\\\/08\\\/Lindita-Morina-in-der-Natur.jpg\"},\"sameAs\":[\"https:\\\/\\\/linditamorina.ch\"]}]}<\/script>\n<!-- \/ Yoast SEO plugin. -->","yoast_head_json":{"title":"Impressum - Lindita Morina","robots":{"index":"index","follow":"follow","max-snippet":"max-snippet:-1","max-image-preview":"max-image-preview:large","max-video-preview":"max-video-preview:-1"},"canonical":"https:\/\/www.linditamorina.ch\/sq\/impressum\/","og_locale":"sq_AL","og_type":"article","og_title":"Impressum - Lindita Morina","og_description":"Jetzt Termin buchen Men\u00fc \u00d7 Startseite Wer ich bin Praxis Klientenrezensionen Kontakt &lt;&lt;&lt; Zur\u00fcck bitte &lt;&lt;&lt; &nbsp; &nbsp; www.linditamorina.ch wird herzlich pr\u00e4sentiert &nbsp; Impressum Angaben gem\u00e4\u00df \u00a7 5 TMG: Praxis Lindita Morina Hauptstrasse 44 6280 Hochdorf &nbsp; Vertreten durch: Lindita Morina &nbsp; Kontakt: Telefon: +4179 850 06 50 E-Mail: hallo@linditamorina.ch &nbsp; &nbsp; Hinweis auf EU-Streitschlichtung&hellip;","og_url":"https:\/\/www.linditamorina.ch\/sq\/impressum\/","og_site_name":"Lindita Morina","article_modified_time":"2023-08-13T16:44:59+00:00","og_image":[{"url":"https:\/\/www.linditamorina.ch\/wp-content\/uploads\/2022\/08\/Lindita-Morina-Logo.png","type":"","width":"","height":""}],"twitter_card":"summary_large_image","twitter_misc":{"Est. reading time":"4 minuta"},"schema":{"@context":"https:\/\/schema.org","@graph":[{"@type":"WebPage","@id":"https:\/\/www.linditamorina.ch\/impressum\/","url":"https:\/\/www.linditamorina.ch\/impressum\/","name":"Impressum - Lindita Morina","isPartOf":{"@id":"https:\/\/www.linditamorina.ch\/#website"},"primaryImageOfPage":{"@id":"https:\/\/www.linditamorina.ch\/impressum\/#primaryimage"},"image":{"@id":"https:\/\/www.linditamorina.ch\/impressum\/#primaryimage"},"thumbnailUrl":"https:\/\/www.linditamorina.ch\/wp-content\/uploads\/2022\/08\/Lindita-Morina-Logo.png","datePublished":"2022-08-24T13:11:02+00:00","dateModified":"2023-08-13T16:44:59+00:00","breadcrumb":{"@id":"https:\/\/www.linditamorina.ch\/impressum\/#breadcrumb"},"inLanguage":"sq","potentialAction":[{"@type":"ReadAction","target":["https:\/\/www.linditamorina.ch\/impressum\/"]}]},{"@type":"ImageObject","inLanguage":"sq","@id":"https:\/\/www.linditamorina.ch\/impressum\/#primaryimage","url":"https:\/\/www.linditamorina.ch\/wp-content\/uploads\/2022\/08\/Lindita-Morina-Logo.png","contentUrl":"https:\/\/www.linditamorina.ch\/wp-content\/uploads\/2022\/08\/Lindita-Morina-Logo.png"},{"@type":"BreadcrumbList","@id":"https:\/\/www.linditamorina.ch\/impressum\/#breadcrumb","itemListElement":[{"@type":"ListItem","position":1,"name":"Startseite","item":"https:\/\/www.linditamorina.ch\/"},{"@type":"ListItem","position":2,"name":"Impressum"}]},{"@type":"WebSite","@id":"https:\/\/www.linditamorina.ch\/#website","url":"https:\/\/www.linditamorina.ch\/","name":"Lindita Morina","description":"","publisher":{"@id":"https:\/\/www.linditamorina.ch\/#\/schema\/person\/4083822b80eaacdce90739e778717db5"},"potentialAction":[{"@type":"SearchAction","target":{"@type":"EntryPoint","urlTemplate":"https:\/\/www.linditamorina.ch\/?s={search_term_string}"},"query-input":{"@type":"PropertyValueSpecification","valueRequired":true,"valueName":"search_term_string"}}],"inLanguage":"sq"},{"@type":["Person","Organization"],"@id":"https:\/\/www.linditamorina.ch\/#\/schema\/person\/4083822b80eaacdce90739e778717db5","name":"Lindita Morina","image":{"@type":"ImageObject","inLanguage":"sq","@id":"https:\/\/www.linditamorina.ch\/wp-content\/uploads\/2022\/08\/Lindita-Morina-in-der-Natur.jpg","url":"https:\/\/www.linditamorina.ch\/wp-content\/uploads\/2022\/08\/Lindita-Morina-in-der-Natur.jpg","contentUrl":"https:\/\/www.linditamorina.ch\/wp-content\/uploads\/2022\/08\/Lindita-Morina-in-der-Natur.jpg","width":500,"height":620,"caption":"Lindita Morina"},"logo":{"@id":"https:\/\/www.linditamorina.ch\/wp-content\/uploads\/2022\/08\/Lindita-Morina-in-der-Natur.jpg"},"sameAs":["https:\/\/linditamorina.ch"]}]}},"jetpack_sharing_enabled":true,"_links":{"self":[{"href":"https:\/\/www.linditamorina.ch\/sq\/wp-json\/wp\/v2\/pages\/6214","targetHints":{"allow":["GET"]}}],"collection":[{"href":"https:\/\/www.linditamorina.ch\/sq\/wp-json\/wp\/v2\/pages"}],"about":[{"href":"https:\/\/www.linditamorina.ch\/sq\/wp-json\/wp\/v2\/types\/page"}],"author":[{"embeddable":true,"href":"https:\/\/www.linditamorina.ch\/sq\/wp-json\/wp\/v2\/users\/1"}],"replies":[{"embeddable":true,"href":"https:\/\/www.linditamorina.ch\/sq\/wp-json\/wp\/v2\/comments?post=6214"}],"version-history":[{"count":3,"href":"https:\/\/www.linditamorina.ch\/sq\/wp-json\/wp\/v2\/pages\/6214\/revisions"}],"predecessor-version":[{"id":6700,"href":"https:\/\/www.linditamorina.ch\/sq\/wp-json\/wp\/v2\/pages\/6214\/revisions\/6700"}],"wp:attachment":[{"href":"https:\/\/www.linditamorina.ch\/sq\/wp-json\/wp\/v2\/media?parent=6214"}],"curies":[{"name":"wp","href":"https:\/\/api.w.org\/{rel}","templated":true}]}}