{"id":6327,"date":"2022-08-27T14:34:30","date_gmt":"2022-08-27T12:34:30","guid":{"rendered":"https:\/\/www.linditamorina.ch\/?page_id=6327"},"modified":"2025-02-14T21:14:33","modified_gmt":"2025-02-14T20:14:33","slug":"hypnose","status":"publish","type":"page","link":"https:\/\/www.linditamorina.ch\/sq\/methoden\/hypnose\/","title":{"rendered":"Hypnose"},"content":{"rendered":"<a href=\"https:\/\/www.linditamorina.ch\/sq\/\" target=\"_self\" itemprop=\"url\" rel=\"nofollow\">\n\t\t\t\t\t\t\t\t\t<img decoding=\"async\" src=\"https:\/\/www.linditamorina.ch\/wp-content\/uploads\/2022\/08\/Lindita-Morina-Logo.png\" alt=\"Lindita-Morina-Logo\" itemprop=\"image\" height=\"211\" width=\"211\" srcset=\"https:\/\/www.linditamorina.ch\/wp-content\/uploads\/2022\/08\/Lindita-Morina-Logo.png 211w, https:\/\/www.linditamorina.ch\/wp-content\/uploads\/2022\/08\/Lindita-Morina-Logo-100x100.png 100w, https:\/\/www.linditamorina.ch\/wp-content\/uploads\/2022\/08\/Lindita-Morina-Logo-150x150.png 150w\" sizes=\"(max-width: 211px) 100vw, 211px\" title=\"Lindita-Morina-Logo\" onerror=\"this.style.display='none'\"  \/>\n\t\t\t\t\t\t\t\t\t\t\t\t\t<\/a>\n\t\t\t<a href=\"https:\/\/www.linditamorina.ch\/sq\/shop\/\" target=\"_self\">\n\t\t\t\t\t\t\tShop\n\t\t\t\t\t<\/a>\n\t\t\t<a href=\"#jetzt-termin-buchen\" target=\"_self\">\n\t\t\t\t\t\t\tJetzt Termin buchen\n\t\t\t\t\t<\/a>\n\t\t\t<button tabindex=\"0\" aria-label=\"Men\u00fc\" aria-expanded=\"false\">\n\t\t\t\tMen\u00fc\t\t\t<\/button>\n\t<nav aria-label=\"Menu\" itemscope=\"itemscope\" itemtype=\"https:\/\/schema.org\/SiteNavigationElement\">\n\t\t<a href=\"javascript:void(0)\" aria-label=\"Close the menu\" role=\"button\">\u00d7<\/a>\n\t\t<ul id=\"menu-corporate-menue\"><li id=\"menu-item-6247\"><a href=\"https:\/\/www.linditamorina.ch\/sq\/\">Startseite<\/a><\/li><li id=\"menu-item-6221\"><a href=\"https:\/\/www.linditamorina.ch\/sq\/lindita-morina\/\">Wer ich bin<\/a><\/li><li id=\"menu-item-6388\"><a href=\"https:\/\/www.linditamorina.ch\/sq\/methoden\/hypnosetherapie-programm\/\">Hypnosetherapie &#038; Coachingprogramm<\/a><\/li><li id=\"menu-item-6336\"><a href=\"#\">Schmetterlingstherapie<\/a><ul>\t<li id=\"menu-item-6335\"><a href=\"https:\/\/www.linditamorina.ch\/sq\/methoden\/hypnose\/\" aria-current=\"page\">Master Hypnose<\/a><\/li>\t<li id=\"menu-item-6370\"><a href=\"https:\/\/www.linditamorina.ch\/sq\/methoden\/craniosacral-therapie\/\">Craniosacral-Therapie<\/a><\/li>\t<li id=\"menu-item-6358\"><a href=\"https:\/\/www.linditamorina.ch\/sq\/methoden\/manuelle-lymphdrainage\/\">Manuelle Lymphdrainage<\/a><\/li><\/ul><\/li><li id=\"menu-item-6222\"><a href=\"https:\/\/www.linditamorina.ch\/sq\/praxis\/\">Praxis<\/a><\/li><li id=\"menu-item-6224\"><a href=\"https:\/\/www.linditamorina.ch\/sq\/klientenrezensionen\/\">Kundenstimmen<\/a><\/li><li id=\"menu-item-7736\"><a href=\"https:\/\/www.linditamorina.ch\/sq\/lindita-morina-copy\/\">Entfaltungskunst<\/a><\/li><li id=\"menu-item-7673\"><a href=\"https:\/\/www.linditamorina.ch\/sq\/shop\/\">Shop<\/a><\/li><li id=\"menu-item-6882\"><a href=\"#\">Shqip<\/a><ul>\t<li id=\"menu-item-6899\"><a href=\"https:\/\/www.linditamorina.ch\/sq\/methoden\/hypnosetherapie-programm-copy-copy-copy\/\">Hipnotherapi &#038; Coachingprogram<\/a><\/li>\t<li id=\"menu-item-6895\"><a href=\"#\">Terapia Transformuese<\/a><ul>\t\t<li id=\"menu-item-6893\"><a href=\"https:\/\/www.linditamorina.ch\/sq\/methoden\/hypnose-copy\/\">Master Hipnoze<\/a><\/li>\t\t<li id=\"menu-item-6897\"><a href=\"https:\/\/www.linditamorina.ch\/sq\/methoden\/craniosacral-therapie-copy\/\">Terapia Kraniosakrale<\/a><\/li>\t\t<li id=\"menu-item-6894\"><a href=\"https:\/\/www.linditamorina.ch\/sq\/methoden\/manuelle-lymphdrainage-copy\/\">Sistemi Limfatik<\/a><\/li><\/ul><\/li>\t<li id=\"menu-item-7150\"><a href=\"https:\/\/www.linditamorina.ch\/sq\/methoden\/hypnosetherapie-programm-copy-2\/\">Trajnim Pozitiv<\/a><\/li><\/ul><\/li><li id=\"menu-item-6223\"><a href=\"https:\/\/www.linditamorina.ch\/sq\/kontakt\/\">Kontakt<\/a><\/li><\/ul>\n\t\t\t<\/nav>\n\t<p>Master Hypnose<\/p>\n\t\t\t\t<img decoding=\"async\" src=\"https:\/\/www.linditamorina.ch\/wp-content\/uploads\/2022\/08\/Lindita-Morina-wa\u0308hrend-der-Hypnosetherapie.jpg\" alt=\"Lindita Morina wa\u0308hrend der Hypnosetherapie\" title=\"Lindita Morina wa\u0308hrend der Hypnosetherapie\" itemprop=\"image\"  \/>\n\t<p>Bei Gabriel Palacios und St\u00e9phane Graul habe ich die Ausbildung Hypnose- und Gespr\u00e4chstherapie abgeschlossen.<\/p>\n<p>&nbsp;<\/p>\nDie Hypnose geh\u00f6rt zu den \u00e4ltesten Therapieformen \u00fcberhaupt. Sie ist der Schl\u00fcssel zu deinem Geist und einem gesunden K\u00f6rper. Der hypnotische Zustand, auch Trance genannt, ist eine \u00e4usserst angenehme und tiefe Entspannung.<br \/>\nTrotzdem bist du gleichzeitig klar und pr\u00e4sent bei vollem Bewusstsein.\n<p>&nbsp;<\/p>\n<p>Die Hypnose ist ein nat\u00fcrlicher Zustand und vergleichbar mit einer konzentrierten Tiefenentspannung. Du kennst den Zustand der Hypnose aus deinem Alltag. Zum Beispiel w\u00e4hrend des Autofahrens, wenn du schl\u00e4fst oder wenn du liest. W\u00e4hrend der Hypnose kann man alles h\u00f6ren und f\u00fchlen. Alle Sinne sind hoch sensibel. Du bist zu keinem Zeitpunkt willenlos und du kommst immer aus der Hypnose heraus.<\/p>\n<p>&nbsp;<\/p>\n<p>W\u00e4hrend der Hypnose werden positive Suggestionen bewusst gemacht und somit pr\u00e4gende Situationen aufgel\u00f6st. Hypnose kann rasch und effektiv helfen, weil sie dort ansetzt, wo die Probleme entstanden sind. Die Selbstheilungskr\u00e4fte werden aktiviert und der K\u00f6rper kann sich regenerieren.<\/p>\nDie Online-Hypnosesitzung ist ebenso wirksam wie eine pers\u00f6nliche Sitzung und kann \u00fcber Zoom oder Webcam durchgef\u00fchrt werden. Der Anamnesebogen wird dir per E-Mail zugeschickt.\n<p>&nbsp;<\/p>\n<p>Einsatzm\u00f6glichkeiten:<\/p>\n\u00c4ngste<br \/>\nStress<br \/>\nEmotionale Probleme<br \/>\nRaucherentw\u00f6hnung<br \/>\nGewichtsreduktion<br \/>\nPhobien<br \/>\nFlugangst<br \/>\nSchlafprobleme<br \/>\nSchockerlebnisse<br \/>\nKonzentrationsschwierigkeiten\n\t\t\t<a href =\"#jetzt-termin-buchen\" target=\"_self\" rel=\"nofollow\">\n\t\t\t\t\t\tTani rezervo nj\u00eb bised\u00eb fillestare pa angazhim &gt;&gt;\t\t\t\t\t\n\t\t\t\t\t\t<\/a>\n\t<p>Zusatzqualifikationen der Hypnose<\/p>\n\t<p>Gespr\u00e4chstherapie nach INVALUATION<\/p>\n\t\t\t\t<img decoding=\"async\" src=\"https:\/\/www.linditamorina.ch\/wp-content\/plugins\/bb-plugin\/img\/pixel.png\" alt=\"\" itemprop=\"image\" onerror=\"this.style.display='none'\"  \/>\n\t\t\t\t<img decoding=\"async\" src=\"https:\/\/www.linditamorina.ch\/wp-content\/uploads\/bb-plugin\/cache\/Lindita-Morina-in-der-Besprechung-landscape.jpg\" alt=\"Lindita Morina in der Besprechung\" title=\"Lindita Morina in der Besprechung\" itemprop=\"image\"  \/>\n\t<p>Die Gespr\u00e4chstherapieform nach Invaluation soll es m\u00f6glich machen, innerhalb k\u00fcrzester Zeit Perspektiven der Gelassenheit, der geistigen Erleichterung und Freiheit einnehmen zu k\u00f6nnen, welche sich zum Ziel setzt, um so negative Gedankenmuster und Verhaltensmuster leichter zu ver\u00e4ndern, ebenso Ereignisse, die uns verletzt und pr\u00e4gen haben k\u00f6nnten.<\/p>\n<p>&nbsp;<\/p>\n<p>Die Invaluations-Therapie ist in der Anwendung besonders dort geeignet, wo unangenehme Gedankenmuster und unerw\u00fcnschten Gef\u00fchls- wie auch Verhaltensmuster f\u00fchren. So unter anderem bei \u00c4ngsten, S\u00fcchten, geistigen Blockaden und dergleichen.<\/p>\n<p>&nbsp;<\/p>\n<p>Einsatzm\u00f6glichkeiten:<\/p>\n\u00c4ngste<br \/>\nBlockaden<br \/>\nMangel an Selbstvertrauen<br \/>\nSchlafprobleme<br \/>\nKonzentrationsschwierigkeiten<br \/>\nMotivationslosigkeit<br \/>\nLernschwierigkeiten\n<p>&nbsp;<\/p>\n<p>Du hast noch Fragen? Buche dir jetzt einfach ein unverbindliches Erstgespr\u00e4ch.<\/p>\n\t\t\t<a href =\"#jetzt-termin-buchen\" target=\"_self\" rel=\"nofollow\">\n\t\t\t\t\t\tTani rezervo nj\u00eb bised\u00eb fillestare pa angazhim &gt;&gt;\t\t\t\t\t\n\t\t\t\t\t\t<\/a>\n\t<p>Zusatzqualifikationen der Hypnose<\/p>\n\t<p>Master Hypnosetherapie<\/p>\n\t\t\t\t<img decoding=\"async\" src=\"https:\/\/www.linditamorina.ch\/wp-content\/plugins\/bb-plugin\/img\/pixel.png\" alt=\"\" itemprop=\"image\" onerror=\"this.style.display='none'\"  \/>\n\t\t\t\t<img decoding=\"async\" src=\"https:\/\/www.linditamorina.ch\/wp-content\/uploads\/bb-plugin\/cache\/Lindita-Morina-mit-dem-Hypnose-Masterzertifikat-circle.jpg\" alt=\"Lindita Morina mit dem Hypnose Masterzertifikat\" title=\"Lindita Morina mit dem Hypnose Masterzertifikat\" itemprop=\"image\"  \/>\n\tDie Master Hypnose geh\u00f6rt zu den h\u00f6chsten Qualifikationen der Hypnose.<br \/>\nDieses Zertifikat erh\u00e4lt man, wenn man sich tiefer mit der Hypnose besch\u00e4ftigt und die tieferen Wirkmechanismen dahinter versteht und diese anzuwenden weiss.\n<p>&nbsp;<\/p>\n<p>F\u00fcr meine Klienten bilde ich mich stetig weiter, um den Prozess der Metamorphose zu beschleunigen und \u00fcber das gesetzte Ziel meiner Klienten hinauszuschiessen.<\/p>\n\t\t\t<a href =\"#jetzt-termin-buchen\" target=\"_self\" rel=\"nofollow\">\n\t\t\t\t\t\tTani rezervo nj\u00eb bised\u00eb fillestare pa angazhim &gt;&gt;\t\t\t\t\t\n\t\t\t\t\t\t<\/a>\n\t<p>Ein telefonisches Erstgespr\u00e4ch buchen und beraten lassen &#8211; unverbindlich<\/p>\n\t<!-- Calendly Inline-Widget Beginn -->\n<!-- Calendly Inline-Widget Ende -->\n\t<p>Soziale Medien<\/p>\n\t\t<link itemprop=\"url\" href=\"https:\/\/www.linditamorina.ch\"\/>\n\t\t<a itemprop=\"sameAs\" href=\"https:\/\/www.facebook.com\/profile.php?id=100063769136434\" target=\"_self\" title=\"Facebook\" aria-label=\"Facebook\" role=\"button\">\n\t\t\t\t\t<\/a>\n\t\t<link itemprop=\"url\" href=\"https:\/\/www.linditamorina.ch\"\/>\n\t\t<a itemprop=\"sameAs\" href=\"https:\/\/www.instagram.com\/linditamoriina\/\" target=\"_self\" title=\"Instagram\" aria-label=\"Instagram\" role=\"button\">\n\t\t\t\t\t<\/a>\n\t\t<link itemprop=\"url\" href=\"https:\/\/www.linditamorina.ch\"\/>\n\t\t<a itemprop=\"sameAs\" href=\"https:\/\/www.instagram.com\/linditamorina_shqip\/\" target=\"_self\" title=\"Instagram\" aria-label=\"Instagram\" role=\"button\">\n\t\t\t\t\t<\/a>\n\t<p>Navigation<\/p>\n\t<p><a href=\"#jetzt-termin-buchen\">Jetzt Termin sichern<\/a><\/p>\n\t<p><a href=\"https:\/\/www.linditamorina.ch\/sq\/impressum\/\">Impressum<\/a><\/p>\n\t<p>Adresse<\/p>\n\tPraxis Lindita Morina<br \/>\nHauptstrasse 44<br \/>\n6280 Hochdorf<br \/>\nTel: 079 850 06 50<br \/>\nE-Mail: hallo@linditamorina.ch\n\t<p>Anreise<\/p>\n\tDer Bahnhof Hochdorf ist zwei Minuten entfernt.<br \/>\nVor dem Haus hat es Parkpl\u00e4tze.<br \/>\nWeitere Parkpl\u00e4tze im Umfeld von ein bis zwei Minuten.\n<strong>Zugang Praxis<\/strong><br \/>\nEs steht eine breite Treppe und ein Lift zur Verf\u00fcgung.<br \/>\nDie Praxis ist behindertengerecht und rollstuhlg\u00e4ngig.\n\t<p>Hinweis<\/p>\n\t<p>Meine Arbeit ersetzt keinen Arzt, sondern versteht sich als Erg\u00e4nzung zur schulmedizinischen Versorgung.<\/p>\n\t\t\t\t<img decoding=\"async\" src=\"https:\/\/www.linditamorina.ch\/wp-content\/uploads\/2022\/08\/Lindita-Morina-Logo.png\" alt=\"Lindita-Morina-Logo\" itemprop=\"image\" height=\"211\" width=\"211\" title=\"Lindita-Morina-Logo\" onerror=\"this.style.display='none'\"  \/>\n\t\t\t<a href=\"#jetzt-termin-buchen\" target=\"_self\">\n\t\t\t\t\t\t\tJetzt Termin vereinbaren\n\t\t\t\t\t<\/a>\n\tPraxis Lindita Morina\u00a9<br \/>\nAll rights reserved<br \/>\n<a href=\"https:\/\/www.marketing-macht.ch\">F\u00fcrsorglich erstellt von Marketing Macht<\/a>\n\t\t<link itemprop=\"url\" href=\"https:\/\/www.linditamorina.ch\"\/>\n\t\t<a itemprop=\"sameAs\" href=\"mailto:hallo@linditamorina.ch\" target=\"_self\" title=\"E-Mail\" aria-label=\"E-Mail\" role=\"button\">\n\t\t\t\t\t<\/a>\n\t\t<link itemprop=\"url\" href=\"https:\/\/www.linditamorina.ch\"\/>\n\t\t<a itemprop=\"sameAs\" href=\"tel: 41798500650\" target=\"_self\" title=\"\" aria-label=\"\" role=\"button\">\n\t\t\t\t\t<\/a>\n\tCopyright 2014-2022 | <a href=\"https:\/\/www.linditamorina.ch\/sq\/datenschutz\/\">Datenschutz |<\/a> <a href=\"https:\/\/www.linditamorina.ch\/sq\/agb\/\">AGB |<\/a>\nThis site is not a part of the Facebook TM website or Facebook TM Inc. Additionally, this site is NOT endorsed by FacebookTM in any way. FACEBOOK TM is a trademark of FACEBOOK TM, Inc.","protected":false},"excerpt":{"rendered":"<p>Shop Jetzt Termin buchen Men\u00fc \u00d7 Startseite Wer ich bin Hypnosetherapie &#038; Coachingprogramm Schmetterlingstherapie Master Hypnose Craniosacral-Therapie Manuelle Lymphdrainage Praxis Kundenstimmen Entfaltungskunst Shop Shqip Hipnotherapi &#038; Coachingprogram Terapia Transformuese Master Hipnoze Terapia Kraniosakrale Sistemi Limfatik Trajnim Pozitiv Kontakt Master Hypnose Bei Gabriel Palacios und St\u00e9phane Graul habe ich die Ausbildung Hypnose- und Gespr\u00e4chstherapie abgeschlossen. &nbsp;&hellip;<\/p>","protected":false},"author":1,"featured_media":0,"parent":6325,"menu_order":0,"comment_status":"closed","ping_status":"closed","template":"","meta":{"_acf_changed":false,"footnotes":""},"class_list":["post-6327","page","type-page","status-publish","hentry"],"acf":[],"yoast_head":"<!-- This site is optimized with the Yoast SEO plugin v27.5 - https:\/\/yoast.com\/product\/yoast-seo-wordpress\/ -->\n<title>Hypnose - Lindita Morina<\/title>\n<meta name=\"robots\" content=\"index, follow, max-snippet:-1, max-image-preview:large, max-video-preview:-1\" \/>\n<link rel=\"canonical\" href=\"https:\/\/www.linditamorina.ch\/sq\/methoden\/hypnose\/\" \/>\n<meta property=\"og:locale\" content=\"sq_AL\" \/>\n<meta property=\"og:type\" content=\"article\" \/>\n<meta property=\"og:title\" content=\"Hypnose - Lindita Morina\" \/>\n<meta property=\"og:description\" content=\"Shop Jetzt Termin buchen Men\u00fc \u00d7 Startseite Wer ich bin Hypnosetherapie &#038; Coachingprogramm Schmetterlingstherapie Master Hypnose Craniosacral-Therapie Manuelle Lymphdrainage Praxis Kundenstimmen Entfaltungskunst Shop Shqip Hipnotherapi &#038; Coachingprogram Terapia Transformuese Master Hipnoze Terapia Kraniosakrale Sistemi Limfatik Trajnim Pozitiv Kontakt Master Hypnose Bei Gabriel Palacios und St\u00e9phane Graul habe ich die Ausbildung Hypnose- und Gespr\u00e4chstherapie abgeschlossen. &nbsp;&hellip;\" \/>\n<meta property=\"og:url\" content=\"https:\/\/www.linditamorina.ch\/sq\/methoden\/hypnose\/\" \/>\n<meta property=\"og:site_name\" content=\"Lindita Morina\" \/>\n<meta property=\"article:modified_time\" content=\"2025-02-14T20:14:33+00:00\" \/>\n<meta property=\"og:image\" content=\"https:\/\/www.linditamorina.ch\/wp-content\/uploads\/2022\/08\/Lindita-Morina-Logo.png\" \/>\n<meta name=\"twitter:card\" content=\"summary_large_image\" \/>\n<meta name=\"twitter:label1\" content=\"Est. reading time\" \/>\n\t<meta name=\"twitter:data1\" content=\"5 minuta\" \/>\n<script type=\"application\/ld+json\" class=\"yoast-schema-graph\">{\"@context\":\"https:\\\/\\\/schema.org\",\"@graph\":[{\"@type\":\"WebPage\",\"@id\":\"https:\\\/\\\/www.linditamorina.ch\\\/methoden\\\/hypnose\\\/\",\"url\":\"https:\\\/\\\/www.linditamorina.ch\\\/methoden\\\/hypnose\\\/\",\"name\":\"Hypnose - Lindita Morina\",\"isPartOf\":{\"@id\":\"https:\\\/\\\/www.linditamorina.ch\\\/#website\"},\"primaryImageOfPage\":{\"@id\":\"https:\\\/\\\/www.linditamorina.ch\\\/methoden\\\/hypnose\\\/#primaryimage\"},\"image\":{\"@id\":\"https:\\\/\\\/www.linditamorina.ch\\\/methoden\\\/hypnose\\\/#primaryimage\"},\"thumbnailUrl\":\"https:\\\/\\\/www.linditamorina.ch\\\/wp-content\\\/uploads\\\/2022\\\/08\\\/Lindita-Morina-Logo.png\",\"datePublished\":\"2022-08-27T12:34:30+00:00\",\"dateModified\":\"2025-02-14T20:14:33+00:00\",\"breadcrumb\":{\"@id\":\"https:\\\/\\\/www.linditamorina.ch\\\/methoden\\\/hypnose\\\/#breadcrumb\"},\"inLanguage\":\"sq\",\"potentialAction\":[{\"@type\":\"ReadAction\",\"target\":[\"https:\\\/\\\/www.linditamorina.ch\\\/methoden\\\/hypnose\\\/\"]}]},{\"@type\":\"ImageObject\",\"inLanguage\":\"sq\",\"@id\":\"https:\\\/\\\/www.linditamorina.ch\\\/methoden\\\/hypnose\\\/#primaryimage\",\"url\":\"https:\\\/\\\/www.linditamorina.ch\\\/wp-content\\\/uploads\\\/2022\\\/08\\\/Lindita-Morina-Logo.png\",\"contentUrl\":\"https:\\\/\\\/www.linditamorina.ch\\\/wp-content\\\/uploads\\\/2022\\\/08\\\/Lindita-Morina-Logo.png\"},{\"@type\":\"BreadcrumbList\",\"@id\":\"https:\\\/\\\/www.linditamorina.ch\\\/methoden\\\/hypnose\\\/#breadcrumb\",\"itemListElement\":[{\"@type\":\"ListItem\",\"position\":1,\"name\":\"Startseite\",\"item\":\"https:\\\/\\\/www.linditamorina.ch\\\/\"},{\"@type\":\"ListItem\",\"position\":2,\"name\":\"Methoden\",\"item\":\"https:\\\/\\\/www.linditamorina.ch\\\/methoden\\\/\"},{\"@type\":\"ListItem\",\"position\":3,\"name\":\"Hypnose\"}]},{\"@type\":\"WebSite\",\"@id\":\"https:\\\/\\\/www.linditamorina.ch\\\/#website\",\"url\":\"https:\\\/\\\/www.linditamorina.ch\\\/\",\"name\":\"Lindita Morina\",\"description\":\"\",\"publisher\":{\"@id\":\"https:\\\/\\\/www.linditamorina.ch\\\/#\\\/schema\\\/person\\\/4083822b80eaacdce90739e778717db5\"},\"potentialAction\":[{\"@type\":\"SearchAction\",\"target\":{\"@type\":\"EntryPoint\",\"urlTemplate\":\"https:\\\/\\\/www.linditamorina.ch\\\/?s={search_term_string}\"},\"query-input\":{\"@type\":\"PropertyValueSpecification\",\"valueRequired\":true,\"valueName\":\"search_term_string\"}}],\"inLanguage\":\"sq\"},{\"@type\":[\"Person\",\"Organization\"],\"@id\":\"https:\\\/\\\/www.linditamorina.ch\\\/#\\\/schema\\\/person\\\/4083822b80eaacdce90739e778717db5\",\"name\":\"Lindita Morina\",\"image\":{\"@type\":\"ImageObject\",\"inLanguage\":\"sq\",\"@id\":\"https:\\\/\\\/www.linditamorina.ch\\\/wp-content\\\/uploads\\\/2022\\\/08\\\/Lindita-Morina-in-der-Natur.jpg\",\"url\":\"https:\\\/\\\/www.linditamorina.ch\\\/wp-content\\\/uploads\\\/2022\\\/08\\\/Lindita-Morina-in-der-Natur.jpg\",\"contentUrl\":\"https:\\\/\\\/www.linditamorina.ch\\\/wp-content\\\/uploads\\\/2022\\\/08\\\/Lindita-Morina-in-der-Natur.jpg\",\"width\":500,\"height\":620,\"caption\":\"Lindita Morina\"},\"logo\":{\"@id\":\"https:\\\/\\\/www.linditamorina.ch\\\/wp-content\\\/uploads\\\/2022\\\/08\\\/Lindita-Morina-in-der-Natur.jpg\"},\"sameAs\":[\"https:\\\/\\\/linditamorina.ch\"]}]}<\/script>\n<!-- \/ Yoast SEO plugin. -->","yoast_head_json":{"title":"Hypnose - Lindita Morina","robots":{"index":"index","follow":"follow","max-snippet":"max-snippet:-1","max-image-preview":"max-image-preview:large","max-video-preview":"max-video-preview:-1"},"canonical":"https:\/\/www.linditamorina.ch\/sq\/methoden\/hypnose\/","og_locale":"sq_AL","og_type":"article","og_title":"Hypnose - Lindita Morina","og_description":"Shop Jetzt Termin buchen Men\u00fc \u00d7 Startseite Wer ich bin Hypnosetherapie &#038; Coachingprogramm Schmetterlingstherapie Master Hypnose Craniosacral-Therapie Manuelle Lymphdrainage Praxis Kundenstimmen Entfaltungskunst Shop Shqip Hipnotherapi &#038; Coachingprogram Terapia Transformuese Master Hipnoze Terapia Kraniosakrale Sistemi Limfatik Trajnim Pozitiv Kontakt Master Hypnose Bei Gabriel Palacios und St\u00e9phane Graul habe ich die Ausbildung Hypnose- und Gespr\u00e4chstherapie abgeschlossen. &nbsp;&hellip;","og_url":"https:\/\/www.linditamorina.ch\/sq\/methoden\/hypnose\/","og_site_name":"Lindita Morina","article_modified_time":"2025-02-14T20:14:33+00:00","og_image":[{"url":"https:\/\/www.linditamorina.ch\/wp-content\/uploads\/2022\/08\/Lindita-Morina-Logo.png","type":"","width":"","height":""}],"twitter_card":"summary_large_image","twitter_misc":{"Est. reading time":"5 minuta"},"schema":{"@context":"https:\/\/schema.org","@graph":[{"@type":"WebPage","@id":"https:\/\/www.linditamorina.ch\/methoden\/hypnose\/","url":"https:\/\/www.linditamorina.ch\/methoden\/hypnose\/","name":"Hypnose - Lindita Morina","isPartOf":{"@id":"https:\/\/www.linditamorina.ch\/#website"},"primaryImageOfPage":{"@id":"https:\/\/www.linditamorina.ch\/methoden\/hypnose\/#primaryimage"},"image":{"@id":"https:\/\/www.linditamorina.ch\/methoden\/hypnose\/#primaryimage"},"thumbnailUrl":"https:\/\/www.linditamorina.ch\/wp-content\/uploads\/2022\/08\/Lindita-Morina-Logo.png","datePublished":"2022-08-27T12:34:30+00:00","dateModified":"2025-02-14T20:14:33+00:00","breadcrumb":{"@id":"https:\/\/www.linditamorina.ch\/methoden\/hypnose\/#breadcrumb"},"inLanguage":"sq","potentialAction":[{"@type":"ReadAction","target":["https:\/\/www.linditamorina.ch\/methoden\/hypnose\/"]}]},{"@type":"ImageObject","inLanguage":"sq","@id":"https:\/\/www.linditamorina.ch\/methoden\/hypnose\/#primaryimage","url":"https:\/\/www.linditamorina.ch\/wp-content\/uploads\/2022\/08\/Lindita-Morina-Logo.png","contentUrl":"https:\/\/www.linditamorina.ch\/wp-content\/uploads\/2022\/08\/Lindita-Morina-Logo.png"},{"@type":"BreadcrumbList","@id":"https:\/\/www.linditamorina.ch\/methoden\/hypnose\/#breadcrumb","itemListElement":[{"@type":"ListItem","position":1,"name":"Startseite","item":"https:\/\/www.linditamorina.ch\/"},{"@type":"ListItem","position":2,"name":"Methoden","item":"https:\/\/www.linditamorina.ch\/methoden\/"},{"@type":"ListItem","position":3,"name":"Hypnose"}]},{"@type":"WebSite","@id":"https:\/\/www.linditamorina.ch\/#website","url":"https:\/\/www.linditamorina.ch\/","name":"Lindita Morina","description":"","publisher":{"@id":"https:\/\/www.linditamorina.ch\/#\/schema\/person\/4083822b80eaacdce90739e778717db5"},"potentialAction":[{"@type":"SearchAction","target":{"@type":"EntryPoint","urlTemplate":"https:\/\/www.linditamorina.ch\/?s={search_term_string}"},"query-input":{"@type":"PropertyValueSpecification","valueRequired":true,"valueName":"search_term_string"}}],"inLanguage":"sq"},{"@type":["Person","Organization"],"@id":"https:\/\/www.linditamorina.ch\/#\/schema\/person\/4083822b80eaacdce90739e778717db5","name":"Lindita Morina","image":{"@type":"ImageObject","inLanguage":"sq","@id":"https:\/\/www.linditamorina.ch\/wp-content\/uploads\/2022\/08\/Lindita-Morina-in-der-Natur.jpg","url":"https:\/\/www.linditamorina.ch\/wp-content\/uploads\/2022\/08\/Lindita-Morina-in-der-Natur.jpg","contentUrl":"https:\/\/www.linditamorina.ch\/wp-content\/uploads\/2022\/08\/Lindita-Morina-in-der-Natur.jpg","width":500,"height":620,"caption":"Lindita Morina"},"logo":{"@id":"https:\/\/www.linditamorina.ch\/wp-content\/uploads\/2022\/08\/Lindita-Morina-in-der-Natur.jpg"},"sameAs":["https:\/\/linditamorina.ch"]}]}},"jetpack_sharing_enabled":true,"_links":{"self":[{"href":"https:\/\/www.linditamorina.ch\/sq\/wp-json\/wp\/v2\/pages\/6327","targetHints":{"allow":["GET"]}}],"collection":[{"href":"https:\/\/www.linditamorina.ch\/sq\/wp-json\/wp\/v2\/pages"}],"about":[{"href":"https:\/\/www.linditamorina.ch\/sq\/wp-json\/wp\/v2\/types\/page"}],"author":[{"embeddable":true,"href":"https:\/\/www.linditamorina.ch\/sq\/wp-json\/wp\/v2\/users\/1"}],"replies":[{"embeddable":true,"href":"https:\/\/www.linditamorina.ch\/sq\/wp-json\/wp\/v2\/comments?post=6327"}],"version-history":[{"count":9,"href":"https:\/\/www.linditamorina.ch\/sq\/wp-json\/wp\/v2\/pages\/6327\/revisions"}],"predecessor-version":[{"id":8187,"href":"https:\/\/www.linditamorina.ch\/sq\/wp-json\/wp\/v2\/pages\/6327\/revisions\/8187"}],"up":[{"embeddable":true,"href":"https:\/\/www.linditamorina.ch\/sq\/wp-json\/wp\/v2\/pages\/6325"}],"wp:attachment":[{"href":"https:\/\/www.linditamorina.ch\/sq\/wp-json\/wp\/v2\/media?parent=6327"}],"curies":[{"name":"wp","href":"https:\/\/api.w.org\/{rel}","templated":true}]}}