{"id":6356,"date":"2022-08-27T17:30:22","date_gmt":"2022-08-27T15:30:22","guid":{"rendered":"https:\/\/www.linditamorina.ch\/?page_id=6356"},"modified":"2023-08-20T09:04:28","modified_gmt":"2023-08-20T07:04:28","slug":"manuelle-lymphdrainage","status":"publish","type":"page","link":"https:\/\/www.linditamorina.ch\/sq\/methoden\/manuelle-lymphdrainage\/","title":{"rendered":"Manuelle Lymphdrainage"},"content":{"rendered":"<a href=\"https:\/\/www.linditamorina.ch\/sq\/\" target=\"_self\" itemprop=\"url\" rel=\"nofollow noopener\">\n\t\t\t\t\t\t\t\t\t<img decoding=\"async\" src=\"https:\/\/www.linditamorina.ch\/wp-content\/uploads\/2022\/08\/Lindita-Morina-Logo.png\" alt=\"Lindita-Morina-Logo\" itemprop=\"image\" height=\"211\" width=\"211\" srcset=\"https:\/\/www.linditamorina.ch\/wp-content\/uploads\/2022\/08\/Lindita-Morina-Logo.png 211w, https:\/\/www.linditamorina.ch\/wp-content\/uploads\/2022\/08\/Lindita-Morina-Logo-150x150.png 150w\" sizes=\"(max-width: 211px) 100vw, 211px\" title=\"Lindita-Morina-Logo\" onerror=\"this.style.display='none'\">\n\t\t\t\t\t\t\t\t\t\t\t\t\t<\/a>\n\t\t\t<a href=\"#jetzt-termin-buchen\" target=\"_self\" role=\"button\" rel=\"noopener\">\n\t\t\t\t\t\t\tJetzt Termin buchen\n\t\t\t\t\t<\/a>\n\t\t\t\tMen\u00fc\t\t\t\n\t<nav aria-label=\"Corporate Men\u00fc\" itemscope=\"itemscope\" itemtype=\"https:\/\/schema.org\/SiteNavigationElement\">\n\t\t<a href=\"javascript:void(0)\" aria-label=\"Close the menu\" role=\"button\">\u00d7<\/a>\n\t\t<ul id=\"menu-corporate-menue\"><li id=\"menu-item-6247\"><a href=\"https:\/\/www.linditamorina.ch\/sq\/\" tabindex=\"0\" role=\"link\">Startseite<\/a><\/li><li id=\"menu-item-6221\"><a href=\"https:\/\/www.linditamorina.ch\/sq\/lindita-morina\/\" tabindex=\"0\" role=\"link\">Wer ich bin<\/a><\/li><li id=\"menu-item-6336\"><a href=\"#\" tabindex=\"0\" role=\"link\">Methoden<\/a><ul>\t<li id=\"menu-item-6335\"><a href=\"https:\/\/www.linditamorina.ch\/sq\/methoden\/hypnose\/\" tabindex=\"0\" role=\"link\">Master Hypnose<\/a><\/li>\t<li id=\"menu-item-6388\"><a href=\"https:\/\/www.linditamorina.ch\/sq\/methoden\/hypnosetherapie-programm\/\" tabindex=\"0\" role=\"link\">Hypnosetherapie-Programm<\/a><\/li>\t<li id=\"menu-item-6343\"><a href=\"https:\/\/www.linditamorina.ch\/sq\/methoden\/rueckentherapie-meridianbahnen\/\" tabindex=\"0\" role=\"link\">R\u00fcckentherapie Meridianbahnen<\/a><\/li>\t<li id=\"menu-item-6358\"><a href=\"https:\/\/www.linditamorina.ch\/sq\/methoden\/manuelle-lymphdrainage\/\" aria-current=\"page\" tabindex=\"0\" role=\"link\">Manuelle Lymphdrainage<\/a><\/li>\t<li id=\"menu-item-6370\"><a href=\"https:\/\/www.linditamorina.ch\/sq\/methoden\/craniosacral-therapie\/\" tabindex=\"0\" role=\"link\">Craniosacral-Therapie<\/a><\/li><\/ul><\/li><li id=\"menu-item-6222\"><a href=\"https:\/\/www.linditamorina.ch\/sq\/praxis\/\" tabindex=\"0\" role=\"link\">Praxis<\/a><\/li><li id=\"menu-item-6224\"><a href=\"https:\/\/www.linditamorina.ch\/sq\/klientenrezensionen\/\" tabindex=\"0\" role=\"link\">Klientenrezensionen<\/a><\/li><li id=\"menu-item-6223\"><a href=\"https:\/\/www.linditamorina.ch\/sq\/kontakt\/\" tabindex=\"0\" role=\"link\">Kontakt<\/a><\/li><\/ul>\n\t\t\t<\/nav>\n\t<p>Manuelle Lymphdrainage<\/p>\n\t\t\t\t<img decoding=\"async\" src=\"https:\/\/www.linditamorina.ch\/wp-content\/uploads\/2022\/08\/Manuelle-Lymphdrainage-wa\u0308hrend-der-Anwendung.jpeg\" alt=\"Manuelle Lymphdrainage wa\u0308hrend der Anwendung\" title=\"Manuelle Lymphdrainage wa\u0308hrend der Anwendung\" itemprop=\"image\">\n\t<p>Das Lymphgef\u00e4ssesystem des K\u00f6rpers hat die Aufgabe, die Fl\u00fcssigkeit (Lymphe) aus dem Gewebe aufzunehmen und in die Blutgef\u00e4sse abzuleiten. Eine gest\u00f6rte Funktionsf\u00e4higkeit dieses Drainagesystem infolge einer Verletzung oder nach einer Operation kann zu einer Ansammlung von Fl\u00fcssigkeit in den Zellenzwischenr\u00e4umen f\u00fchren.<\/p>\n<p>&nbsp;<\/p>\n<p>Als Folge davon k\u00f6nnen Schwellungen (\u00d6deme) entstehen. Die Manuelle Lymphdrainage ist eine entstaunde Massnahme, mit deren Hilfe die Motorik der Lymphgef\u00e4sse angeregt und damit der Abtransport \u00fcbersch\u00fcssiger Gewebefl\u00fcssigkeit erleichtert wird.<\/p>\n<p>&nbsp;<\/p>\n<p>Diese Therapieform stimuliert den Fl\u00fcssigkeithaushalt unseres K\u00f6rpers und wirkt angenehm entspannend auf das gesamte vegetative Nervensystem. Viele Beschwerden lassen sich damit erfolgreich behandeln. Lymphe im Gewebe machen sich durch Ansammlung von Fl\u00fcssigkeit bemerkbar.<\/p>\n<p>Das Ziel der Behandlung ist, zu Entstauen, zu entgiften und Schmerzen zu reduzieren.<\/p>\n<p>&nbsp;<\/p>\n<p><strong>Einsatzm\u00f6glichkeiten:<\/strong><\/p>\nK\u00f6rperentgiftung<br>\nGeschwollen Beine\/Fussgelenke<br>\nEntw\u00e4sserung des K\u00f6rpers<br>\nHeuschnupfen<br>\nVerletzungen\/Schmerzen<br>\nHautprobleme\/Allergien<br>\nKopfschmerzen\/Migr\u00e4nen, Schleudertrauma<br>\nUnterst\u00fctzung und St\u00e4rkung des Immunsystems<br>\nGeschwollene Gelenke (nach Verstauchung oder B\u00e4nderriss)<br>\nLymph\u00f6deme am Armen und Beinen, Kompressionsbandage\n<p>Als Ideale Erg\u00e4nzung zur Manuelle-Lymphdrainage Therapie integriere ich gerne die Bindegewebemassage<\/p>\n\t\t\t<a href=\"#jetzt-termin-buchen\" target=\"_self\" rel=\"nofollow noopener\">\n\t\t\t\t\t\tJetzt unverbindliches Erstgespr\u00e4ch buchen &gt;&gt;\t\t\t\t\t\n\t\t\t\t\t\t<\/a>\n\t<p>Vertiefung der Therapie<\/p>\n\t<p>Bindegewebemassage<\/p>\n\t\t\t\t<img decoding=\"async\" src=\"https:\/\/www.linditamorina.ch\/wp-content\/plugins\/bb-plugin\/img\/pixel.png\" alt=\"\" itemprop=\"image\" onerror=\"this.style.display='none'\">\n\t\t\t\t<img decoding=\"async\" src=\"https:\/\/www.linditamorina.ch\/wp-content\/uploads\/bb-plugin\/cache\/Bindegewebemassage-circle.jpeg\" alt=\"Bindegewebemassage\" title=\"Bindegewebemassage\" itemprop=\"image\">\n\t<p>Dabei handelt es sich um eine manuelle Reiztherapie, die am R\u00fccken ansetzt und auf einer Strich- und Zugtechnik beruht. Der Hintergedanke der Massage ist, dass die Behandlung nicht nur lokal wirkt, sondern sich auch \u00fcber bestimmte Nervenstimulierung, vor allem auf die innere Organe entfaltet. Ebenso werden der Bewgungsapparat und die Gef\u00e4sse wohltuend beeinflusst. Die Behandlung f\u00fchrt prim\u00e4r zu einer gesteigerten Durchblutung.<\/p>\n\t\t\t<a href=\"#jetzt-termin-buchen\" target=\"_self\" rel=\"nofollow noopener\">\n\t\t\t\t\t\tJetzt unverbindliches Erstgespr\u00e4ch buchen &gt;&gt;\t\t\t\t\t\n\t\t\t\t\t\t<\/a>\n\t<p>Ein Erstgespr\u00e4ch buchen und beraten lassen &#8211; unverbindlich<\/p>\n\t<!-- Calendly Inline-Widget Beginn -->\n<!-- Calendly Inline-Widget Ende -->\n\t<p>Soziale Medien<\/p>\n\t\t<link itemprop=\"url\" href=\"https:\/\/www.linditamorina.ch\">\n\t\t<a itemprop=\"sameAs\" href=\"https:\/\/www.facebook.com\/profile.php?id=100063769136434\" target=\"_self\" title=\"Facebook\" aria-label=\"Facebook\" role=\"button\" rel=\"noopener\">\n\t\t\t\t\t<\/a>\n\t\t<link itemprop=\"url\" href=\"https:\/\/www.linditamorina.ch\">\n\t\t<a itemprop=\"sameAs\" href=\"https:\/\/www.instagram.com\/linditamoriina\/\" target=\"_self\" title=\"Instagram\" aria-label=\"Instagram\" role=\"button\" rel=\"noopener\">\n\t\t\t\t\t<\/a>\n\t\t<link itemprop=\"url\" href=\"https:\/\/www.linditamorina.ch\">\n\t\t<a itemprop=\"sameAs\" href=\"https:\/\/www.instagram.com\/linditamorina_shqip\/\" target=\"_self\" title=\"Instagram\" aria-label=\"Instagram\" role=\"button\" rel=\"noopener\">\n\t\t\t\t\t<\/a>\n\t<p>Navigation<\/p>\n\t<p><a href=\"#jetzt-termin-buchen\">Jetzt Termin sichern<\/a><\/p>\n\t<p><a href=\"https:\/\/www.linditamorina.ch\/sq\/impressum\/\">Impressum<\/a><\/p>\n\t<p>Adresse<\/p>\n\tPraxis Lindita Morina<br>\nHauptstrasse 44<br>\n6280 Hochdorf<br>\nTel: 079 850 06 50<br>\nE-Mail: hallo@linditamorina.ch\n\t<p>Anreise<\/p>\n\tDer Bahnhof Hochdorf ist zwei Minuten entfernt.<br>\nVor dem Haus hat es Parkpl\u00e4tze.<br>\nWeitere Parkpl\u00e4tze im Umfeld von ein bis zwei Minuten.\n<strong>Zugang Praxis<\/strong><br>\nEs steht eine breite Treppe und ein Lift zur Verf\u00fcgung.<br>\nDie Praxis ist behindertengerecht und rollstuhlg\u00e4ngig.\n\t<p>Hinweis<\/p>\n\t<p>Meine Arbeit ersetzt keinen Arzt, sondern versteht sich als Erg\u00e4nzung zur schulmedizinischen Versorgung.<\/p>\n\t\t\t\t<img decoding=\"async\" src=\"https:\/\/www.linditamorina.ch\/wp-content\/uploads\/2022\/08\/Lindita-Morina-Logo.png\" alt=\"Lindita-Morina-Logo\" itemprop=\"image\" height=\"211\" width=\"211\" title=\"Lindita-Morina-Logo\" onerror=\"this.style.display='none'\">\n\t\t\t<a href=\"#jetzt-termin-buchen\" target=\"_self\" role=\"button\" rel=\"noopener\">\n\t\t\t\t\t\t\tJetzt Termin vereinbaren\n\t\t\t\t\t<\/a>\n\tPraxis Lindita Morina\u00a9<br>\nAll rights reserved<br>\n<a href=\"https:\/\/www.marketing-macht.ch\">F\u00fcrsorglich erstellt von Marketing Macht<\/a>\n\t\t<link itemprop=\"url\" href=\"https:\/\/www.linditamorina.ch\">\n\t\t<a itemprop=\"sameAs\" href=\"mailto:hallo@linditamorina.ch\" target=\"_self\" title=\"E-Mail\" aria-label=\"E-Mail\" role=\"button\" rel=\"noopener\">\n\t\t\t\t\t<\/a>\n\t\t<link itemprop=\"url\" href=\"https:\/\/www.linditamorina.ch\">\n\t\t<a itemprop=\"sameAs\" href=\"tel: 41798500650\" target=\"_self\" title=\"\" aria-label=\"\" role=\"button\" rel=\"noopener\">\n\t\t\t\t\t<\/a>\n\tCopyright 2014-2022 | <a href=\"https:\/\/www.linditamorina.ch\/sq\/datenschutz\/\">Datenschutz |<\/a> <a href=\"https:\/\/www.linditamorina.ch\/sq\/agb\/\">AGB |<\/a>\nThis site is not a part of the Facebook TM website or Facebook TM Inc. Additionally, this site is NOT endorsed by FacebookTM in any way. FACEBOOK TM is a trademark of FACEBOOK TM, Inc.","protected":false},"excerpt":{"rendered":"<p>Jetzt Termin buchen Men\u00fc \u00d7 Startseite Wer ich bin Methoden Master Hypnose Hypnosetherapie-Programm R\u00fcckentherapie Meridianbahnen Manuelle Lymphdrainage Craniosacral-Therapie Praxis Klientenrezensionen Kontakt Manuelle Lymphdrainage Das Lymphgef\u00e4ssesystem des K\u00f6rpers hat die Aufgabe, die Fl\u00fcssigkeit (Lymphe) aus dem Gewebe aufzunehmen und in die Blutgef\u00e4sse abzuleiten. Eine gest\u00f6rte Funktionsf\u00e4higkeit dieses Drainagesystem infolge einer Verletzung oder nach einer Operation kann&hellip;<\/p>","protected":false},"author":1,"featured_media":0,"parent":6325,"menu_order":0,"comment_status":"closed","ping_status":"closed","template":"","meta":{"_acf_changed":false,"footnotes":""},"class_list":["post-6356","page","type-page","status-publish","hentry"],"acf":[],"yoast_head":"<!-- This site is optimized with the Yoast SEO plugin v27.5 - https:\/\/yoast.com\/product\/yoast-seo-wordpress\/ -->\n<title>Manuelle Lymphdrainage - Lindita Morina<\/title>\n<meta name=\"robots\" content=\"index, follow, max-snippet:-1, max-image-preview:large, max-video-preview:-1\" \/>\n<link rel=\"canonical\" href=\"https:\/\/www.linditamorina.ch\/sq\/methoden\/manuelle-lymphdrainage\/\" \/>\n<meta property=\"og:locale\" content=\"sq_AL\" \/>\n<meta property=\"og:type\" content=\"article\" \/>\n<meta property=\"og:title\" content=\"Manuelle Lymphdrainage - Lindita Morina\" \/>\n<meta property=\"og:description\" content=\"Jetzt Termin buchen Men\u00fc \u00d7 Startseite Wer ich bin Methoden Master Hypnose Hypnosetherapie-Programm R\u00fcckentherapie Meridianbahnen Manuelle Lymphdrainage Craniosacral-Therapie Praxis Klientenrezensionen Kontakt Manuelle Lymphdrainage Das Lymphgef\u00e4ssesystem des K\u00f6rpers hat die Aufgabe, die Fl\u00fcssigkeit (Lymphe) aus dem Gewebe aufzunehmen und in die Blutgef\u00e4sse abzuleiten. Eine gest\u00f6rte Funktionsf\u00e4higkeit dieses Drainagesystem infolge einer Verletzung oder nach einer Operation kann&hellip;\" \/>\n<meta property=\"og:url\" content=\"https:\/\/www.linditamorina.ch\/sq\/methoden\/manuelle-lymphdrainage\/\" \/>\n<meta property=\"og:site_name\" content=\"Lindita Morina\" \/>\n<meta property=\"article:modified_time\" content=\"2023-08-20T07:04:28+00:00\" \/>\n<meta property=\"og:image\" content=\"https:\/\/www.linditamorina.ch\/wp-content\/uploads\/2022\/08\/Lindita-Morina-Logo.png\" \/>\n<meta name=\"twitter:card\" content=\"summary_large_image\" \/>\n<meta name=\"twitter:label1\" content=\"Est. reading time\" \/>\n\t<meta name=\"twitter:data1\" content=\"4 minuta\" \/>\n<script type=\"application\/ld+json\" class=\"yoast-schema-graph\">{\"@context\":\"https:\\\/\\\/schema.org\",\"@graph\":[{\"@type\":\"WebPage\",\"@id\":\"https:\\\/\\\/www.linditamorina.ch\\\/methoden\\\/manuelle-lymphdrainage\\\/\",\"url\":\"https:\\\/\\\/www.linditamorina.ch\\\/methoden\\\/manuelle-lymphdrainage\\\/\",\"name\":\"Manuelle Lymphdrainage - Lindita Morina\",\"isPartOf\":{\"@id\":\"https:\\\/\\\/www.linditamorina.ch\\\/#website\"},\"primaryImageOfPage\":{\"@id\":\"https:\\\/\\\/www.linditamorina.ch\\\/methoden\\\/manuelle-lymphdrainage\\\/#primaryimage\"},\"image\":{\"@id\":\"https:\\\/\\\/www.linditamorina.ch\\\/methoden\\\/manuelle-lymphdrainage\\\/#primaryimage\"},\"thumbnailUrl\":\"https:\\\/\\\/www.linditamorina.ch\\\/wp-content\\\/uploads\\\/2022\\\/08\\\/Lindita-Morina-Logo.png\",\"datePublished\":\"2022-08-27T15:30:22+00:00\",\"dateModified\":\"2023-08-20T07:04:28+00:00\",\"breadcrumb\":{\"@id\":\"https:\\\/\\\/www.linditamorina.ch\\\/methoden\\\/manuelle-lymphdrainage\\\/#breadcrumb\"},\"inLanguage\":\"sq\",\"potentialAction\":[{\"@type\":\"ReadAction\",\"target\":[\"https:\\\/\\\/www.linditamorina.ch\\\/methoden\\\/manuelle-lymphdrainage\\\/\"]}]},{\"@type\":\"ImageObject\",\"inLanguage\":\"sq\",\"@id\":\"https:\\\/\\\/www.linditamorina.ch\\\/methoden\\\/manuelle-lymphdrainage\\\/#primaryimage\",\"url\":\"https:\\\/\\\/www.linditamorina.ch\\\/wp-content\\\/uploads\\\/2022\\\/08\\\/Lindita-Morina-Logo.png\",\"contentUrl\":\"https:\\\/\\\/www.linditamorina.ch\\\/wp-content\\\/uploads\\\/2022\\\/08\\\/Lindita-Morina-Logo.png\"},{\"@type\":\"BreadcrumbList\",\"@id\":\"https:\\\/\\\/www.linditamorina.ch\\\/methoden\\\/manuelle-lymphdrainage\\\/#breadcrumb\",\"itemListElement\":[{\"@type\":\"ListItem\",\"position\":1,\"name\":\"Startseite\",\"item\":\"https:\\\/\\\/www.linditamorina.ch\\\/\"},{\"@type\":\"ListItem\",\"position\":2,\"name\":\"Methoden\",\"item\":\"https:\\\/\\\/www.linditamorina.ch\\\/methoden\\\/\"},{\"@type\":\"ListItem\",\"position\":3,\"name\":\"Manuelle Lymphdrainage\"}]},{\"@type\":\"WebSite\",\"@id\":\"https:\\\/\\\/www.linditamorina.ch\\\/#website\",\"url\":\"https:\\\/\\\/www.linditamorina.ch\\\/\",\"name\":\"Lindita Morina\",\"description\":\"\",\"publisher\":{\"@id\":\"https:\\\/\\\/www.linditamorina.ch\\\/#\\\/schema\\\/person\\\/4083822b80eaacdce90739e778717db5\"},\"potentialAction\":[{\"@type\":\"SearchAction\",\"target\":{\"@type\":\"EntryPoint\",\"urlTemplate\":\"https:\\\/\\\/www.linditamorina.ch\\\/?s={search_term_string}\"},\"query-input\":{\"@type\":\"PropertyValueSpecification\",\"valueRequired\":true,\"valueName\":\"search_term_string\"}}],\"inLanguage\":\"sq\"},{\"@type\":[\"Person\",\"Organization\"],\"@id\":\"https:\\\/\\\/www.linditamorina.ch\\\/#\\\/schema\\\/person\\\/4083822b80eaacdce90739e778717db5\",\"name\":\"Lindita Morina\",\"image\":{\"@type\":\"ImageObject\",\"inLanguage\":\"sq\",\"@id\":\"https:\\\/\\\/www.linditamorina.ch\\\/wp-content\\\/uploads\\\/2022\\\/08\\\/Lindita-Morina-in-der-Natur.jpg\",\"url\":\"https:\\\/\\\/www.linditamorina.ch\\\/wp-content\\\/uploads\\\/2022\\\/08\\\/Lindita-Morina-in-der-Natur.jpg\",\"contentUrl\":\"https:\\\/\\\/www.linditamorina.ch\\\/wp-content\\\/uploads\\\/2022\\\/08\\\/Lindita-Morina-in-der-Natur.jpg\",\"width\":500,\"height\":620,\"caption\":\"Lindita Morina\"},\"logo\":{\"@id\":\"https:\\\/\\\/www.linditamorina.ch\\\/wp-content\\\/uploads\\\/2022\\\/08\\\/Lindita-Morina-in-der-Natur.jpg\"},\"sameAs\":[\"https:\\\/\\\/linditamorina.ch\"]}]}<\/script>\n<!-- \/ Yoast SEO plugin. -->","yoast_head_json":{"title":"Manuelle Lymphdrainage - Lindita Morina","robots":{"index":"index","follow":"follow","max-snippet":"max-snippet:-1","max-image-preview":"max-image-preview:large","max-video-preview":"max-video-preview:-1"},"canonical":"https:\/\/www.linditamorina.ch\/sq\/methoden\/manuelle-lymphdrainage\/","og_locale":"sq_AL","og_type":"article","og_title":"Manuelle Lymphdrainage - Lindita Morina","og_description":"Jetzt Termin buchen Men\u00fc \u00d7 Startseite Wer ich bin Methoden Master Hypnose Hypnosetherapie-Programm R\u00fcckentherapie Meridianbahnen Manuelle Lymphdrainage Craniosacral-Therapie Praxis Klientenrezensionen Kontakt Manuelle Lymphdrainage Das Lymphgef\u00e4ssesystem des K\u00f6rpers hat die Aufgabe, die Fl\u00fcssigkeit (Lymphe) aus dem Gewebe aufzunehmen und in die Blutgef\u00e4sse abzuleiten. Eine gest\u00f6rte Funktionsf\u00e4higkeit dieses Drainagesystem infolge einer Verletzung oder nach einer Operation kann&hellip;","og_url":"https:\/\/www.linditamorina.ch\/sq\/methoden\/manuelle-lymphdrainage\/","og_site_name":"Lindita Morina","article_modified_time":"2023-08-20T07:04:28+00:00","og_image":[{"url":"https:\/\/www.linditamorina.ch\/wp-content\/uploads\/2022\/08\/Lindita-Morina-Logo.png","type":"","width":"","height":""}],"twitter_card":"summary_large_image","twitter_misc":{"Est. reading time":"4 minuta"},"schema":{"@context":"https:\/\/schema.org","@graph":[{"@type":"WebPage","@id":"https:\/\/www.linditamorina.ch\/methoden\/manuelle-lymphdrainage\/","url":"https:\/\/www.linditamorina.ch\/methoden\/manuelle-lymphdrainage\/","name":"Manuelle Lymphdrainage - Lindita Morina","isPartOf":{"@id":"https:\/\/www.linditamorina.ch\/#website"},"primaryImageOfPage":{"@id":"https:\/\/www.linditamorina.ch\/methoden\/manuelle-lymphdrainage\/#primaryimage"},"image":{"@id":"https:\/\/www.linditamorina.ch\/methoden\/manuelle-lymphdrainage\/#primaryimage"},"thumbnailUrl":"https:\/\/www.linditamorina.ch\/wp-content\/uploads\/2022\/08\/Lindita-Morina-Logo.png","datePublished":"2022-08-27T15:30:22+00:00","dateModified":"2023-08-20T07:04:28+00:00","breadcrumb":{"@id":"https:\/\/www.linditamorina.ch\/methoden\/manuelle-lymphdrainage\/#breadcrumb"},"inLanguage":"sq","potentialAction":[{"@type":"ReadAction","target":["https:\/\/www.linditamorina.ch\/methoden\/manuelle-lymphdrainage\/"]}]},{"@type":"ImageObject","inLanguage":"sq","@id":"https:\/\/www.linditamorina.ch\/methoden\/manuelle-lymphdrainage\/#primaryimage","url":"https:\/\/www.linditamorina.ch\/wp-content\/uploads\/2022\/08\/Lindita-Morina-Logo.png","contentUrl":"https:\/\/www.linditamorina.ch\/wp-content\/uploads\/2022\/08\/Lindita-Morina-Logo.png"},{"@type":"BreadcrumbList","@id":"https:\/\/www.linditamorina.ch\/methoden\/manuelle-lymphdrainage\/#breadcrumb","itemListElement":[{"@type":"ListItem","position":1,"name":"Startseite","item":"https:\/\/www.linditamorina.ch\/"},{"@type":"ListItem","position":2,"name":"Methoden","item":"https:\/\/www.linditamorina.ch\/methoden\/"},{"@type":"ListItem","position":3,"name":"Manuelle Lymphdrainage"}]},{"@type":"WebSite","@id":"https:\/\/www.linditamorina.ch\/#website","url":"https:\/\/www.linditamorina.ch\/","name":"Lindita Morina","description":"","publisher":{"@id":"https:\/\/www.linditamorina.ch\/#\/schema\/person\/4083822b80eaacdce90739e778717db5"},"potentialAction":[{"@type":"SearchAction","target":{"@type":"EntryPoint","urlTemplate":"https:\/\/www.linditamorina.ch\/?s={search_term_string}"},"query-input":{"@type":"PropertyValueSpecification","valueRequired":true,"valueName":"search_term_string"}}],"inLanguage":"sq"},{"@type":["Person","Organization"],"@id":"https:\/\/www.linditamorina.ch\/#\/schema\/person\/4083822b80eaacdce90739e778717db5","name":"Lindita Morina","image":{"@type":"ImageObject","inLanguage":"sq","@id":"https:\/\/www.linditamorina.ch\/wp-content\/uploads\/2022\/08\/Lindita-Morina-in-der-Natur.jpg","url":"https:\/\/www.linditamorina.ch\/wp-content\/uploads\/2022\/08\/Lindita-Morina-in-der-Natur.jpg","contentUrl":"https:\/\/www.linditamorina.ch\/wp-content\/uploads\/2022\/08\/Lindita-Morina-in-der-Natur.jpg","width":500,"height":620,"caption":"Lindita Morina"},"logo":{"@id":"https:\/\/www.linditamorina.ch\/wp-content\/uploads\/2022\/08\/Lindita-Morina-in-der-Natur.jpg"},"sameAs":["https:\/\/linditamorina.ch"]}]}},"jetpack_sharing_enabled":true,"_links":{"self":[{"href":"https:\/\/www.linditamorina.ch\/sq\/wp-json\/wp\/v2\/pages\/6356","targetHints":{"allow":["GET"]}}],"collection":[{"href":"https:\/\/www.linditamorina.ch\/sq\/wp-json\/wp\/v2\/pages"}],"about":[{"href":"https:\/\/www.linditamorina.ch\/sq\/wp-json\/wp\/v2\/types\/page"}],"author":[{"embeddable":true,"href":"https:\/\/www.linditamorina.ch\/sq\/wp-json\/wp\/v2\/users\/1"}],"replies":[{"embeddable":true,"href":"https:\/\/www.linditamorina.ch\/sq\/wp-json\/wp\/v2\/comments?post=6356"}],"version-history":[{"count":6,"href":"https:\/\/www.linditamorina.ch\/sq\/wp-json\/wp\/v2\/pages\/6356\/revisions"}],"predecessor-version":[{"id":6703,"href":"https:\/\/www.linditamorina.ch\/sq\/wp-json\/wp\/v2\/pages\/6356\/revisions\/6703"}],"up":[{"embeddable":true,"href":"https:\/\/www.linditamorina.ch\/sq\/wp-json\/wp\/v2\/pages\/6325"}],"wp:attachment":[{"href":"https:\/\/www.linditamorina.ch\/sq\/wp-json\/wp\/v2\/media?parent=6356"}],"curies":[{"name":"wp","href":"https:\/\/api.w.org\/{rel}","templated":true}]}}