{"id":8575,"date":"2026-04-09T23:57:42","date_gmt":"2026-04-09T21:57:42","guid":{"rendered":"https:\/\/www.linditamorina.ch\/?page_id=8575"},"modified":"2026-04-10T09:57:15","modified_gmt":"2026-04-10T07:57:15","slug":"copy","status":"publish","type":"page","link":"https:\/\/www.linditamorina.ch\/sq\/copy\/","title":{"rendered":"Qet\u00ebsia Mendore"},"content":{"rendered":"<img decoding=\"async\" src=\"https:\/\/www.linditamorina.ch\/wp-content\/uploads\/2026\/03\/160f435a-8e6a-4607-b3cf-4444f6876186.jpg\" alt=\"160f435a-8e6a-4607-b3cf-4444f6876186\" itemprop=\"image\" height=\"1067\" width=\"1600\" title=\"160f435a-8e6a-4607-b3cf-4444f6876186\" onerror=\"this.style.display='none'\"  \/>\n\t<p><strong>\u00a0 \u00a0 \u00a0 \u00a0 \u00a0 \u00a0Temat q\u00eb do t\u00eb treajtohen gjat\u00eb ketyre mbr\u00ebmjeve<\/strong><\/p>\n\t<p>Lirohu nga stresi dhe rikthehu n\u00eb qet\u00ebsi<\/p>\n<p>Fillo t\u00eb lirohesh nga stresi q\u00eb t\u00eb r\u00ebndon \u00e7do dit\u00eb dhe rikthehu n\u00eb nj\u00eb gjendje m\u00eb t\u00eb qet\u00eb brenda vetes. Krijo hap\u00ebsir\u00eb p\u00ebr frym\u00ebmarrje, qart\u00ebsi dhe balanc\u00eb, n\u00eb m\u00ebnyr\u00eb q\u00eb t\u00eb ndihesh m\u00eb e leht\u00eb dhe m\u00eb e pranishme n\u00eb jet\u00ebn t\u00ebnde t\u00eb p\u00ebrditshme.<\/p>\n\t<p><strong>Liro frik\u00ebn dhe bllokimet q\u00eb t\u00eb mbajn\u00eb mbrapa<\/strong><\/p>\n<p>Frika dhe bllokimet e brendshme shpesh t\u00eb ndalojn\u00eb t\u00eb ec\u00ebsh p\u00ebrpara. Duke i njohur dhe liruar ato, hap nj\u00eb rrug\u00eb t\u00eb re p\u00ebr veten t\u00ebnde\u00a0 nj\u00eb rrug\u00eb ku ndihesh m\u00eb e lir\u00eb, m\u00eb e sigurt dhe m\u00eb e fuqishme n\u00eb vendimet q\u00eb merr.<\/p>\n\t<p><strong>Lidhja me forc\u00ebn t\u00ebnde t\u00eb brendshme<\/strong><\/p>\n<p>Brenda teje ekziston nj\u00eb forc\u00eb e madhe q\u00eb ndonj\u00ebher\u00eb harrohet. Duke u lidhur me k\u00ebt\u00eb forc\u00eb t\u00eb brendshme, fillon t\u00eb ndjesh m\u00eb shum\u00eb besim, stabilitet dhe qart\u00ebsi. Kjo lidhje t\u00eb ndihmon t\u00eb p\u00ebrballosh sfidat me m\u00eb shum\u00eb qet\u00ebsi dhe vet\u00ebbesim.<\/p>\n\t<p>Lirimi nga bindjet q\u00eb t\u00eb kan\u00eb mbajtur mbrapa<\/p>\n<p>Bindjet e vjetra dhe mendimet kufizuese mund t\u00eb t\u00eb mbajn\u00eb t\u00eb bllokuar pa e kuptuar. Kur fillon t&#8217;i v\u00ebresh dhe t&#8217;i transformosh ato, krijon mund\u00ebsi t\u00eb reja p\u00ebr rritje, liri dhe nj\u00eb m\u00ebnyr\u00eb t\u00eb re t\u00eb t\u00eb jetuarit.<\/p>\n\t<p>Zbulo potencialin t\u00ebnd<\/p>\n<p>Brenda teje ka shum\u00eb m\u00eb tep\u00ebr sesa mendon. Duke zbuluar potencialin t\u00ebnd t\u00eb v\u00ebrtet\u00eb, fillon t\u00eb ec\u00ebsh n\u00eb drejtimin q\u00eb t\u00eb p\u00ebrmbush dhe t\u00eb jep kuptim. Lejo veten t\u00eb eksplorosh, t\u00eb rritesh dhe t\u00eb jetosh versionin m\u00eb t\u00eb mir\u00eb t\u00eb vetes t\u00ebnde.<\/p>\n\t<p><strong>Fillimi: 23 Pril 2026<\/strong><\/p>\n<p><strong>Zhvillohet LIVE n\u00eb Zoom, drejtp\u00ebrdrejt me mua.<\/strong><\/p>\n<p><strong>5 mbr\u00ebmje (1 her\u00eb n\u00eb jav\u00eb ) <\/strong><\/p>\n<p>qdo te merkure n\u00eb ora 19: 00 <\/p>\n<p><strong>investimi 99 CHF.<\/strong><\/p>\n\t\t\t<a href=\"https:\/\/www.linditamorina.ch\/sq\/product\/qetesia-mendore\/\" target=\"_self\">\n\t\t\t\t\t\t\tReservo verndin t\u00ebnd\n\t\t\t\t\t<\/a>\n\t<meta itemprop=\"url\" content=\"https:\/\/www.linditamorina.ch\/wp-content\/uploads\/2026\/04\/Mein-Film-17-1.mp4\" \/><div style=\"width: 640px;\" class=\"wp-video\"><video class=\"wp-video-shortcode\" id=\"video-8575-1\" width=\"640\" height=\"360\" preload=\"metadata\" controls=\"controls\"><source type=\"video\/mp4\" src=\"https:\/\/www.linditamorina.ch\/wp-content\/uploads\/2026\/04\/Mein-Film-17-1.mp4?_=1\" \/><source type=\"video\/mp4\" src=\"https:\/\/www.linditamorina.ch\/wp-content\/uploads\/2026\/04\/Mein-Film-17-1.mp4?_=1\" \/><a href=\"https:\/\/www.linditamorina.ch\/wp-content\/uploads\/2026\/04\/Mein-Film-17-1.mp4\">https:\/\/www.linditamorina.ch\/wp-content\/uploads\/2026\/04\/Mein-Film-17-1.mp4<\/a><\/video><\/div>\n\t<p>&nbsp;<\/p>\n<p>&nbsp;<\/p>\n<p>&nbsp;<\/p>\n<p>&nbsp;<\/p>\n<p><strong>Zbulo fuqin\u00eb qe ke brenda vetes<\/strong><\/p>\n<p>&nbsp;<\/p>\nNdoshta ke kaluar momente t\u00eb v\u00ebshtira dhe ndihesh e lodhur apo e bllokuar.<br \/>\nPor brenda teje ekziston nj\u00eb forc\u00eb e madhe q\u00eb pret t\u00eb zgjohet.\nKy \u00ebsht\u00eb momenti p\u00ebr t\u00eb ndalur, p\u00ebr t\u00eb reflektuar dhe p\u00ebr t&#8217;u lidhur m\u00eb thell\u00eb me veten.<br \/>\nP\u00ebr t\u00eb krijuar m\u00eb shum\u00eb qet\u00ebsi, besim dhe hap\u00ebsir\u00eb brenda vetes t\u00ebnde.<br \/>\nDhe p\u00ebr t&#8217;i dh\u00ebn\u00eb vetes mund\u00ebsin\u00eb t\u00eb ec\u00ebsh p\u00ebrpara me m\u00eb shum\u00eb leht\u00ebsi dhe qart\u00ebsi.\n<p>&nbsp;<\/p>\n\t\t\t\t<img decoding=\"async\" src=\"https:\/\/www.linditamorina.ch\/wp-content\/uploads\/2024\/06\/Foto-Lindita.jpg\" alt=\"Foto Lindita\" itemprop=\"image\" height=\"1313\" width=\"1067\" title=\"Foto Lindita\" onerror=\"this.style.display='none'\"  \/>\n\t<p><strong>Lindita Morina<\/strong><\/p>\n\t<p><strong>Kush jam\u00eb une<\/strong><\/p>\nPrej m\u00eb shum\u00eb se 16 vitesh punoj n\u00eb fush\u00ebn terapeutike dhe kam ndihmuar shum\u00eb njer\u00ebz n\u00eb rrug\u00ebtimin e tyre.<br \/>\nRruga ime m\u00eb ka \u00e7uar drejt nj\u00eb lidhjeje m\u00eb t\u00eb thell\u00eb me veten time.\n<p>Nj\u00eb p\u00ebrjetim m\u00eb i thell\u00eb ishte humbja e v\u00ebllait tim. Ishte nj\u00eb pik\u00eb kthese p\u00ebr mua, q\u00eb m\u00eb lidhi me intuit\u00ebn time, me nj\u00eb bot\u00eb q\u00eb nuk e kisha njohur m\u00eb par\u00eb.<\/p>\n<p>Sot, e ndaj k\u00ebt\u00eb rrug\u00ebtim me t\u00eb tjer\u00ebt dhe i mb\u00ebshtes t\u00eb gjejn\u00eb m\u00eb shum\u00eb qet\u00ebsi, forc\u00eb dhe lidhje me veten.<\/p>\n\n\t<p>&nbsp;<\/p>\n<p>&nbsp;<\/p>\n<p><strong>Si funksionon ky rrug\u00ebtim<\/strong><\/p>\nN\u00eb k\u00ebt\u00eb rrug\u00ebtim, ti fillon t\u00eb ndalesh p\u00ebr nj\u00eb moment dhe t\u00eb rikthehesh te vetja jote.<br \/>\nHap pas hapi, krijon nj\u00eb lidhje m\u00eb t\u00eb thell\u00eb me veten dhe gjen m\u00eb shum\u00eb qet\u00ebsi, qart\u00ebsi dhe besim brenda vetes.\nP\u00ebrmes hipnoz\u00ebs, meditimit dhe reflektimit, hapet nj\u00eb hap\u00ebsir\u00eb ku mund t\u00eb lirohesh nga ngarkesat e brendshme dhe t\u00eb krijosh nj\u00eb ndjenj\u00eb m\u00eb t\u00eb leht\u00eb dhe m\u00eb t\u00eb balancuar n\u00eb jet\u00ebn t\u00ebnde.<br \/>\nKy \u00ebsht\u00eb nj\u00eb proces i but\u00eb, i sigurt dhe i udh\u00ebhequr, ku \u00e7do hap t\u00eb afron m\u00eb shum\u00eb me veten t\u00ebnde t\u00eb v\u00ebrtet\u00eb.\nKy rrug\u00ebtim \u00ebsht\u00eb p\u00ebr ty n\u00ebse ndihesh e lodhur, e mbingarkuar dhe k\u00ebrkon m\u00eb shum\u00eb qet\u00ebsi brenda vetes.<br \/>\nN\u00ebse d\u00ebshiron t\u00eb lirohesh nga frika dhe bllokimet dhe t\u00eb nd\u00ebrtosh nj\u00eb lidhje m\u00eb t\u00eb fort\u00eb me veten t\u00ebnde.<br \/>\nN\u00ebse je gati t\u00eb b\u00ebsh nj\u00eb hap p\u00ebr veten t\u00ebnde dhe t\u00eb krijosh m\u00eb shum\u00eb balanc\u00eb n\u00eb jet\u00ebn t\u00ebnde.\n\t\t\t<a href=\"https:\/\/www.linditamorina.ch\/sq\/product\/qetesia-mendore\/\" target=\"_self\">\n\t\t\t\t\t\t\tReservo v\u00ebndin t\u00ebnd ketu\n\t\t\t\t\t<\/a>\n\t\t\t\t<img decoding=\"async\" src=\"https:\/\/www.linditamorina.ch\/wp-content\/uploads\/2026\/04\/tungart7-woman-8805918_1920.jpg\" alt=\"tungart7-woman-8805918_1920\" itemprop=\"image\" height=\"1280\" width=\"1920\" title=\"tungart7-woman-8805918_1920\" onerror=\"this.style.display='none'\"  \/>\n<p><strong>Adresse<\/strong><\/p>\nPraxis Lindita Morina<br \/>\nHauptstrasse 44<br \/>\n6280 Hochdorf<br \/>\nTel: 079 850 06 50<br \/>\nE-Mail: hallo@linditamorina.ch\n<p><strong>Anreise<\/strong><\/p>\nDer Bahnhof Hochdorf ist zwei Minuten entfernt.<br \/>\nVor dem Haus hat es Parkpl\u00e4tze.<br \/>\nWeitere Parkpl\u00e4tze im Umfeld von ein bis zwei Minuten.\nZugang Praxis<br \/>\nEs steht eine breite Treppe und ein Lift zur Verf\u00fcgung.<br \/>\nDie Praxis ist behindertengerecht und rollstuhlg\u00e4ngig.\n<p><strong>Hinweis<\/strong><\/p>\n<p>Meine Arbeit ersetzt keinen Arzt, sondern versteht sich als Erg\u00e4nzung zur schulmedizinischen Versorgung.<\/p>","protected":false},"excerpt":{"rendered":"<p>\u00a0 \u00a0 \u00a0 \u00a0 \u00a0 \u00a0Temat q\u00eb do t\u00eb treajtohen gjat\u00eb ketyre mbr\u00ebmjeve Lirohu nga stresi dhe rikthehu n\u00eb qet\u00ebsi Fillo t\u00eb lirohesh nga stresi q\u00eb t\u00eb r\u00ebndon \u00e7do dit\u00eb dhe rikthehu n\u00eb nj\u00eb gjendje m\u00eb t\u00eb qet\u00eb brenda vetes. Krijo hap\u00ebsir\u00eb p\u00ebr frym\u00ebmarrje, qart\u00ebsi dhe balanc\u00eb, n\u00eb m\u00ebnyr\u00eb q\u00eb t\u00eb ndihesh m\u00eb e leht\u00eb&hellip;<\/p>","protected":false},"author":1,"featured_media":0,"parent":0,"menu_order":0,"comment_status":"closed","ping_status":"closed","template":"tpl-no-header-footer.php","meta":{"_acf_changed":false,"footnotes":""},"class_list":["post-8575","page","type-page","status-publish","hentry"],"acf":[],"yoast_head":"<!-- This site is optimized with the Yoast SEO plugin v27.3 - https:\/\/yoast.com\/product\/yoast-seo-wordpress\/ -->\n<title>Qet\u00ebsia Mendore - Lindita Morina<\/title>\n<meta name=\"robots\" content=\"index, follow, max-snippet:-1, max-image-preview:large, max-video-preview:-1\" \/>\n<link rel=\"canonical\" href=\"https:\/\/www.linditamorina.ch\/sq\/copy\/\" \/>\n<meta property=\"og:locale\" content=\"sq_AL\" \/>\n<meta property=\"og:type\" content=\"article\" \/>\n<meta property=\"og:title\" content=\"Qet\u00ebsia Mendore - Lindita Morina\" \/>\n<meta property=\"og:description\" content=\"\u00a0 \u00a0 \u00a0 \u00a0 \u00a0 \u00a0Temat q\u00eb do t\u00eb treajtohen gjat\u00eb ketyre mbr\u00ebmjeve Lirohu nga stresi dhe rikthehu n\u00eb qet\u00ebsi Fillo t\u00eb lirohesh nga stresi q\u00eb t\u00eb r\u00ebndon \u00e7do dit\u00eb dhe rikthehu n\u00eb nj\u00eb gjendje m\u00eb t\u00eb qet\u00eb brenda vetes. Krijo hap\u00ebsir\u00eb p\u00ebr frym\u00ebmarrje, qart\u00ebsi dhe balanc\u00eb, n\u00eb m\u00ebnyr\u00eb q\u00eb t\u00eb ndihesh m\u00eb e leht\u00eb&hellip;\" \/>\n<meta property=\"og:url\" content=\"https:\/\/www.linditamorina.ch\/sq\/copy\/\" \/>\n<meta property=\"og:site_name\" content=\"Lindita Morina\" \/>\n<meta property=\"article:modified_time\" content=\"2026-04-10T07:57:15+00:00\" \/>\n<meta property=\"og:image\" content=\"https:\/\/www.linditamorina.ch\/wp-content\/uploads\/2026\/03\/160f435a-8e6a-4607-b3cf-4444f6876186.jpg\" \/>\n<meta name=\"twitter:card\" content=\"summary_large_image\" \/>\n<meta name=\"twitter:label1\" content=\"Est. reading time\" \/>\n\t<meta name=\"twitter:data1\" content=\"5 minuta\" \/>\n<script type=\"application\/ld+json\" class=\"yoast-schema-graph\">{\"@context\":\"https:\\\/\\\/schema.org\",\"@graph\":[{\"@type\":\"WebPage\",\"@id\":\"https:\\\/\\\/www.linditamorina.ch\\\/copy\\\/\",\"url\":\"https:\\\/\\\/www.linditamorina.ch\\\/copy\\\/\",\"name\":\"Qet\u00ebsia Mendore - Lindita Morina\",\"isPartOf\":{\"@id\":\"https:\\\/\\\/www.linditamorina.ch\\\/#website\"},\"primaryImageOfPage\":{\"@id\":\"https:\\\/\\\/www.linditamorina.ch\\\/copy\\\/#primaryimage\"},\"image\":{\"@id\":\"https:\\\/\\\/www.linditamorina.ch\\\/copy\\\/#primaryimage\"},\"thumbnailUrl\":\"https:\\\/\\\/www.linditamorina.ch\\\/wp-content\\\/uploads\\\/2026\\\/03\\\/160f435a-8e6a-4607-b3cf-4444f6876186.jpg\",\"datePublished\":\"2026-04-09T21:57:42+00:00\",\"dateModified\":\"2026-04-10T07:57:15+00:00\",\"breadcrumb\":{\"@id\":\"https:\\\/\\\/www.linditamorina.ch\\\/copy\\\/#breadcrumb\"},\"inLanguage\":\"sq\",\"potentialAction\":[{\"@type\":\"ReadAction\",\"target\":[\"https:\\\/\\\/www.linditamorina.ch\\\/copy\\\/\"]}]},{\"@type\":\"ImageObject\",\"inLanguage\":\"sq\",\"@id\":\"https:\\\/\\\/www.linditamorina.ch\\\/copy\\\/#primaryimage\",\"url\":\"https:\\\/\\\/www.linditamorina.ch\\\/wp-content\\\/uploads\\\/2026\\\/03\\\/160f435a-8e6a-4607-b3cf-4444f6876186.jpg\",\"contentUrl\":\"https:\\\/\\\/www.linditamorina.ch\\\/wp-content\\\/uploads\\\/2026\\\/03\\\/160f435a-8e6a-4607-b3cf-4444f6876186.jpg\"},{\"@type\":\"BreadcrumbList\",\"@id\":\"https:\\\/\\\/www.linditamorina.ch\\\/copy\\\/#breadcrumb\",\"itemListElement\":[{\"@type\":\"ListItem\",\"position\":1,\"name\":\"Startseite\",\"item\":\"https:\\\/\\\/www.linditamorina.ch\\\/\"},{\"@type\":\"ListItem\",\"position\":2,\"name\":\"Qet\u00ebsia Mendore\"}]},{\"@type\":\"WebSite\",\"@id\":\"https:\\\/\\\/www.linditamorina.ch\\\/#website\",\"url\":\"https:\\\/\\\/www.linditamorina.ch\\\/\",\"name\":\"Lindita Morina\",\"description\":\"\",\"publisher\":{\"@id\":\"https:\\\/\\\/www.linditamorina.ch\\\/#\\\/schema\\\/person\\\/4083822b80eaacdce90739e778717db5\"},\"potentialAction\":[{\"@type\":\"SearchAction\",\"target\":{\"@type\":\"EntryPoint\",\"urlTemplate\":\"https:\\\/\\\/www.linditamorina.ch\\\/?s={search_term_string}\"},\"query-input\":{\"@type\":\"PropertyValueSpecification\",\"valueRequired\":true,\"valueName\":\"search_term_string\"}}],\"inLanguage\":\"sq\"},{\"@type\":[\"Person\",\"Organization\"],\"@id\":\"https:\\\/\\\/www.linditamorina.ch\\\/#\\\/schema\\\/person\\\/4083822b80eaacdce90739e778717db5\",\"name\":\"Lindita Morina\",\"image\":{\"@type\":\"ImageObject\",\"inLanguage\":\"sq\",\"@id\":\"https:\\\/\\\/www.linditamorina.ch\\\/wp-content\\\/uploads\\\/2022\\\/08\\\/Lindita-Morina-in-der-Natur.jpg\",\"url\":\"https:\\\/\\\/www.linditamorina.ch\\\/wp-content\\\/uploads\\\/2022\\\/08\\\/Lindita-Morina-in-der-Natur.jpg\",\"contentUrl\":\"https:\\\/\\\/www.linditamorina.ch\\\/wp-content\\\/uploads\\\/2022\\\/08\\\/Lindita-Morina-in-der-Natur.jpg\",\"width\":500,\"height\":620,\"caption\":\"Lindita Morina\"},\"logo\":{\"@id\":\"https:\\\/\\\/www.linditamorina.ch\\\/wp-content\\\/uploads\\\/2022\\\/08\\\/Lindita-Morina-in-der-Natur.jpg\"},\"sameAs\":[\"https:\\\/\\\/linditamorina.ch\"]}]}<\/script>\n<!-- \/ Yoast SEO plugin. -->","yoast_head_json":{"title":"Qet\u00ebsia Mendore - Lindita Morina","robots":{"index":"index","follow":"follow","max-snippet":"max-snippet:-1","max-image-preview":"max-image-preview:large","max-video-preview":"max-video-preview:-1"},"canonical":"https:\/\/www.linditamorina.ch\/sq\/copy\/","og_locale":"sq_AL","og_type":"article","og_title":"Qet\u00ebsia Mendore - Lindita Morina","og_description":"\u00a0 \u00a0 \u00a0 \u00a0 \u00a0 \u00a0Temat q\u00eb do t\u00eb treajtohen gjat\u00eb ketyre mbr\u00ebmjeve Lirohu nga stresi dhe rikthehu n\u00eb qet\u00ebsi Fillo t\u00eb lirohesh nga stresi q\u00eb t\u00eb r\u00ebndon \u00e7do dit\u00eb dhe rikthehu n\u00eb nj\u00eb gjendje m\u00eb t\u00eb qet\u00eb brenda vetes. Krijo hap\u00ebsir\u00eb p\u00ebr frym\u00ebmarrje, qart\u00ebsi dhe balanc\u00eb, n\u00eb m\u00ebnyr\u00eb q\u00eb t\u00eb ndihesh m\u00eb e leht\u00eb&hellip;","og_url":"https:\/\/www.linditamorina.ch\/sq\/copy\/","og_site_name":"Lindita Morina","article_modified_time":"2026-04-10T07:57:15+00:00","og_image":[{"url":"https:\/\/www.linditamorina.ch\/wp-content\/uploads\/2026\/03\/160f435a-8e6a-4607-b3cf-4444f6876186.jpg","type":"","width":"","height":""}],"twitter_card":"summary_large_image","twitter_misc":{"Est. reading time":"5 minuta"},"schema":{"@context":"https:\/\/schema.org","@graph":[{"@type":"WebPage","@id":"https:\/\/www.linditamorina.ch\/copy\/","url":"https:\/\/www.linditamorina.ch\/copy\/","name":"Qet\u00ebsia Mendore - Lindita Morina","isPartOf":{"@id":"https:\/\/www.linditamorina.ch\/#website"},"primaryImageOfPage":{"@id":"https:\/\/www.linditamorina.ch\/copy\/#primaryimage"},"image":{"@id":"https:\/\/www.linditamorina.ch\/copy\/#primaryimage"},"thumbnailUrl":"https:\/\/www.linditamorina.ch\/wp-content\/uploads\/2026\/03\/160f435a-8e6a-4607-b3cf-4444f6876186.jpg","datePublished":"2026-04-09T21:57:42+00:00","dateModified":"2026-04-10T07:57:15+00:00","breadcrumb":{"@id":"https:\/\/www.linditamorina.ch\/copy\/#breadcrumb"},"inLanguage":"sq","potentialAction":[{"@type":"ReadAction","target":["https:\/\/www.linditamorina.ch\/copy\/"]}]},{"@type":"ImageObject","inLanguage":"sq","@id":"https:\/\/www.linditamorina.ch\/copy\/#primaryimage","url":"https:\/\/www.linditamorina.ch\/wp-content\/uploads\/2026\/03\/160f435a-8e6a-4607-b3cf-4444f6876186.jpg","contentUrl":"https:\/\/www.linditamorina.ch\/wp-content\/uploads\/2026\/03\/160f435a-8e6a-4607-b3cf-4444f6876186.jpg"},{"@type":"BreadcrumbList","@id":"https:\/\/www.linditamorina.ch\/copy\/#breadcrumb","itemListElement":[{"@type":"ListItem","position":1,"name":"Startseite","item":"https:\/\/www.linditamorina.ch\/"},{"@type":"ListItem","position":2,"name":"Qet\u00ebsia Mendore"}]},{"@type":"WebSite","@id":"https:\/\/www.linditamorina.ch\/#website","url":"https:\/\/www.linditamorina.ch\/","name":"Lindita Morina","description":"","publisher":{"@id":"https:\/\/www.linditamorina.ch\/#\/schema\/person\/4083822b80eaacdce90739e778717db5"},"potentialAction":[{"@type":"SearchAction","target":{"@type":"EntryPoint","urlTemplate":"https:\/\/www.linditamorina.ch\/?s={search_term_string}"},"query-input":{"@type":"PropertyValueSpecification","valueRequired":true,"valueName":"search_term_string"}}],"inLanguage":"sq"},{"@type":["Person","Organization"],"@id":"https:\/\/www.linditamorina.ch\/#\/schema\/person\/4083822b80eaacdce90739e778717db5","name":"Lindita Morina","image":{"@type":"ImageObject","inLanguage":"sq","@id":"https:\/\/www.linditamorina.ch\/wp-content\/uploads\/2022\/08\/Lindita-Morina-in-der-Natur.jpg","url":"https:\/\/www.linditamorina.ch\/wp-content\/uploads\/2022\/08\/Lindita-Morina-in-der-Natur.jpg","contentUrl":"https:\/\/www.linditamorina.ch\/wp-content\/uploads\/2022\/08\/Lindita-Morina-in-der-Natur.jpg","width":500,"height":620,"caption":"Lindita Morina"},"logo":{"@id":"https:\/\/www.linditamorina.ch\/wp-content\/uploads\/2022\/08\/Lindita-Morina-in-der-Natur.jpg"},"sameAs":["https:\/\/linditamorina.ch"]}]}},"jetpack_sharing_enabled":true,"_links":{"self":[{"href":"https:\/\/www.linditamorina.ch\/sq\/wp-json\/wp\/v2\/pages\/8575","targetHints":{"allow":["GET"]}}],"collection":[{"href":"https:\/\/www.linditamorina.ch\/sq\/wp-json\/wp\/v2\/pages"}],"about":[{"href":"https:\/\/www.linditamorina.ch\/sq\/wp-json\/wp\/v2\/types\/page"}],"author":[{"embeddable":true,"href":"https:\/\/www.linditamorina.ch\/sq\/wp-json\/wp\/v2\/users\/1"}],"replies":[{"embeddable":true,"href":"https:\/\/www.linditamorina.ch\/sq\/wp-json\/wp\/v2\/comments?post=8575"}],"version-history":[{"count":24,"href":"https:\/\/www.linditamorina.ch\/sq\/wp-json\/wp\/v2\/pages\/8575\/revisions"}],"predecessor-version":[{"id":8818,"href":"https:\/\/www.linditamorina.ch\/sq\/wp-json\/wp\/v2\/pages\/8575\/revisions\/8818"}],"wp:attachment":[{"href":"https:\/\/www.linditamorina.ch\/sq\/wp-json\/wp\/v2\/media?parent=8575"}],"curies":[{"name":"wp","href":"https:\/\/api.w.org\/{rel}","templated":true}]}}