{"id":8623,"date":"2026-02-16T17:47:25","date_gmt":"2026-02-16T16:47:25","guid":{"rendered":"https:\/\/www.linditamorina.ch\/?post_type=product&#038;p=8623"},"modified":"2026-02-26T22:04:54","modified_gmt":"2026-02-26T21:04:54","slug":"leichtigkeitsengel-acryl-auf-holzbox-masse-hoehe-40-cm-breite-20-cm-geeignet-zum-aufstellen-oder-aufhaengen","status":"publish","type":"product","link":"https:\/\/www.linditamorina.ch\/sq\/product\/leichtigkeitsengel-acryl-auf-holzbox-masse-hoehe-40-cm-breite-20-cm-geeignet-zum-aufstellen-oder-aufhaengen\/","title":{"rendered":"Leichtigkeitsengel  Acryl auf Holzbox Ma\u00dfe: H\u00f6he 40 cm, Breite 20 cm Geeignet zum Aufstellen oder Aufh\u00e4ngen"},"content":{"rendered":"<h3 data-start=\"148\" data-end=\"174\"><strong data-start=\"152\" data-end=\"174\">Leichtigkeitsengel<\/strong><\/h3>\n<p data-start=\"176\" data-end=\"318\">Ich habe mir wieder einmal Zeit zum Malen genommen.<br data-start=\"227\" data-end=\"230\" \/>Dabei entstand diese Engel \u2013 aus Leichtigkeit und einem tiefen Gef\u00fchl von Zufriedenheit.<\/p>\n<p data-start=\"320\" data-end=\"367\">Der Moment war in sich stimmig und vollst\u00e4ndig.<\/p>\n<p data-start=\"369\" data-end=\"475\">Manchmal entsteht genau dann das Wesentliche,<br data-start=\"414\" data-end=\"417\" \/>wenn wir dem Prozess vertrauen und nichts mehr hinzuf\u00fcgen.<\/p>\n<h3 data-start=\"197\" data-end=\"230\"><strong data-start=\"201\" data-end=\"230\">Zus\u00e4tzliche Informationen<\/strong><\/h3>\n<p data-start=\"232\" data-end=\"494\">Dieses Kunstwerk ist ein Original und ein Unikat. Es wurde auf gespannter Leinwand von Hand gemalt und hochwertig versiegelt.<br data-start=\"357\" data-end=\"360\" \/>Das Bild wird <strong data-start=\"374\" data-end=\"389\">ohne Rahmen<\/strong> verkauft. Die Leinwand ist leicht und kann direkt aufgeh\u00e4ngt werden (z. B. mit N\u00e4geln oder Bilderhaken).<\/p>\n<p data-start=\"496\" data-end=\"574\">Das Werk ist auf der R\u00fcckseite <strong data-start=\"527\" data-end=\"564\">mit Datum und meiner Unterschrift<\/strong> versehen.<\/p>\n<h3 data-start=\"576\" data-end=\"591\"><strong data-start=\"580\" data-end=\"591\">Versand<\/strong><\/h3>\n<p data-start=\"592\" data-end=\"750\">Das Bild wird sorgf\u00e4ltig und sicher verpackt und innerhalb von <strong data-start=\"655\" data-end=\"672\">3\u20135 Werktagen<\/strong> aus der Schweiz verschickt.<br data-start=\"700\" data-end=\"703\" \/>Die Versandkosten werden im Checkout angezeigt.<\/p>\n<h3 data-start=\"752\" data-end=\"767\"><strong data-start=\"756\" data-end=\"767\">Hinweis<\/strong><\/h3>\n<p data-start=\"768\" data-end=\"858\">Farben k\u00f6nnen je nach Bildschirm leicht variieren.<br data-start=\"818\" data-end=\"821\" \/>Kein Umtausch f\u00fcr Originalkunstwerke.<\/p>\n<p data-start=\"170\" data-end=\"611\">","protected":false},"excerpt":{"rendered":"<h3 data-start=\"148\" data-end=\"174\"><strong data-start=\"152\" data-end=\"174\">Leichtigkeitsengel<\/strong><\/h3>\n<p data-start=\"176\" data-end=\"318\">Ich habe mir wieder einmal Zeit zum Malen genommen.<br data-start=\"227\" data-end=\"230\" \/>Dabei entstand diese Engel \u2013 aus Leichtigkeit und einem tiefen Gef\u00fchl von Zufriedenheit.<\/p>\n<p data-start=\"320\" data-end=\"367\">Der Moment war in sich stimmig und vollst\u00e4ndig.<\/p>\n<p data-start=\"369\" data-end=\"475\">Manchmal entsteht genau dann das Wesentliche,<br data-start=\"414\" data-end=\"417\" \/>wenn wir dem Prozess vertrauen und nichts mehr hinzuf\u00fcgen.<\/p>","protected":false},"featured_media":8633,"comment_status":"open","ping_status":"closed","template":"","meta":{"_acf_changed":false},"product_cat":[21],"product_tag":[],"class_list":["post-8623","product","type-product","status-publish","has-post-thumbnail","hentry","product_cat-unkategorisiert"],"acf":[],"yoast_head":"<!-- This site is optimized with the Yoast SEO plugin v27.5 - https:\/\/yoast.com\/product\/yoast-seo-wordpress\/ -->\n<title>Leichtigkeitsengel Acryl auf Holzbox Ma\u00dfe: H\u00f6he 40 cm, Breite 20 cm Geeignet zum Aufstellen oder Aufh\u00e4ngen - Lindita Morina<\/title>\n<meta name=\"robots\" content=\"index, follow, max-snippet:-1, max-image-preview:large, max-video-preview:-1\" \/>\n<link rel=\"canonical\" href=\"https:\/\/www.linditamorina.ch\/sq\/product\/leichtigkeitsengel-acryl-auf-holzbox-masse-hoehe-40-cm-breite-20-cm-geeignet-zum-aufstellen-oder-aufhaengen\/\" \/>\n<meta property=\"og:locale\" content=\"sq_AL\" \/>\n<meta property=\"og:type\" content=\"article\" \/>\n<meta property=\"og:title\" content=\"Leichtigkeitsengel Acryl auf Holzbox Ma\u00dfe: H\u00f6he 40 cm, Breite 20 cm Geeignet zum Aufstellen oder Aufh\u00e4ngen - Lindita Morina\" \/>\n<meta property=\"og:description\" content=\"Leichtigkeitsengel Ich habe mir wieder einmal Zeit zum Malen genommen.Dabei entstand diese Engel \u2013 aus Leichtigkeit und einem tiefen Gef\u00fchl von Zufriedenheit. Der Moment war in sich stimmig und vollst\u00e4ndig. Manchmal entsteht genau dann das Wesentliche,wenn wir dem Prozess vertrauen und nichts mehr hinzuf\u00fcgen.\" \/>\n<meta property=\"og:url\" content=\"https:\/\/www.linditamorina.ch\/sq\/product\/leichtigkeitsengel-acryl-auf-holzbox-masse-hoehe-40-cm-breite-20-cm-geeignet-zum-aufstellen-oder-aufhaengen\/\" \/>\n<meta property=\"og:site_name\" content=\"Lindita Morina\" \/>\n<meta property=\"article:modified_time\" content=\"2026-02-26T21:04:54+00:00\" \/>\n<meta property=\"og:image\" content=\"https:\/\/www.linditamorina.ch\/wp-content\/uploads\/2026\/02\/1000336810.jpg\" \/>\n\t<meta property=\"og:image:width\" content=\"785\" \/>\n\t<meta property=\"og:image:height\" content=\"1600\" \/>\n\t<meta property=\"og:image:type\" content=\"image\/jpeg\" \/>\n<meta name=\"twitter:card\" content=\"summary_large_image\" \/>\n<meta name=\"twitter:label1\" content=\"Est. reading time\" \/>\n\t<meta name=\"twitter:data1\" content=\"1 minut\u00eb\" \/>\n<script type=\"application\/ld+json\" class=\"yoast-schema-graph\">{\"@context\":\"https:\\\/\\\/schema.org\",\"@graph\":[{\"@type\":\"WebPage\",\"@id\":\"https:\\\/\\\/www.linditamorina.ch\\\/produkt\\\/leichtigkeitsengel-acryl-auf-holzbox-masse-hoehe-40-cm-breite-20-cm-geeignet-zum-aufstellen-oder-aufhaengen\\\/\",\"url\":\"https:\\\/\\\/www.linditamorina.ch\\\/produkt\\\/leichtigkeitsengel-acryl-auf-holzbox-masse-hoehe-40-cm-breite-20-cm-geeignet-zum-aufstellen-oder-aufhaengen\\\/\",\"name\":\"Leichtigkeitsengel Acryl auf Holzbox Ma\u00dfe: H\u00f6he 40 cm, Breite 20 cm Geeignet zum Aufstellen oder Aufh\u00e4ngen - Lindita Morina\",\"isPartOf\":{\"@id\":\"https:\\\/\\\/www.linditamorina.ch\\\/#website\"},\"primaryImageOfPage\":{\"@id\":\"https:\\\/\\\/www.linditamorina.ch\\\/produkt\\\/leichtigkeitsengel-acryl-auf-holzbox-masse-hoehe-40-cm-breite-20-cm-geeignet-zum-aufstellen-oder-aufhaengen\\\/#primaryimage\"},\"image\":{\"@id\":\"https:\\\/\\\/www.linditamorina.ch\\\/produkt\\\/leichtigkeitsengel-acryl-auf-holzbox-masse-hoehe-40-cm-breite-20-cm-geeignet-zum-aufstellen-oder-aufhaengen\\\/#primaryimage\"},\"thumbnailUrl\":\"https:\\\/\\\/www.linditamorina.ch\\\/wp-content\\\/uploads\\\/2026\\\/02\\\/1000336810.jpg\",\"datePublished\":\"2026-02-16T16:47:25+00:00\",\"dateModified\":\"2026-02-26T21:04:54+00:00\",\"breadcrumb\":{\"@id\":\"https:\\\/\\\/www.linditamorina.ch\\\/produkt\\\/leichtigkeitsengel-acryl-auf-holzbox-masse-hoehe-40-cm-breite-20-cm-geeignet-zum-aufstellen-oder-aufhaengen\\\/#breadcrumb\"},\"inLanguage\":\"sq\",\"potentialAction\":[{\"@type\":\"ReadAction\",\"target\":[\"https:\\\/\\\/www.linditamorina.ch\\\/produkt\\\/leichtigkeitsengel-acryl-auf-holzbox-masse-hoehe-40-cm-breite-20-cm-geeignet-zum-aufstellen-oder-aufhaengen\\\/\"]}]},{\"@type\":\"ImageObject\",\"inLanguage\":\"sq\",\"@id\":\"https:\\\/\\\/www.linditamorina.ch\\\/produkt\\\/leichtigkeitsengel-acryl-auf-holzbox-masse-hoehe-40-cm-breite-20-cm-geeignet-zum-aufstellen-oder-aufhaengen\\\/#primaryimage\",\"url\":\"https:\\\/\\\/www.linditamorina.ch\\\/wp-content\\\/uploads\\\/2026\\\/02\\\/1000336810.jpg\",\"contentUrl\":\"https:\\\/\\\/www.linditamorina.ch\\\/wp-content\\\/uploads\\\/2026\\\/02\\\/1000336810.jpg\",\"width\":785,\"height\":1600,\"caption\":\"Leichtigkeitsengel Acryl auf Holzbox Ma\u00dfe: H\u00f6he 40 cm, Breite 20 cm Geeignet zum Aufstellen oder Aufh\u00e4ngen Preis. 350\"},{\"@type\":\"BreadcrumbList\",\"@id\":\"https:\\\/\\\/www.linditamorina.ch\\\/produkt\\\/leichtigkeitsengel-acryl-auf-holzbox-masse-hoehe-40-cm-breite-20-cm-geeignet-zum-aufstellen-oder-aufhaengen\\\/#breadcrumb\",\"itemListElement\":[{\"@type\":\"ListItem\",\"position\":1,\"name\":\"Startseite\",\"item\":\"https:\\\/\\\/www.linditamorina.ch\\\/\"},{\"@type\":\"ListItem\",\"position\":2,\"name\":\"Produkte\",\"item\":\"https:\\\/\\\/www.linditamorina.ch\\\/shop\\\/\"},{\"@type\":\"ListItem\",\"position\":3,\"name\":\"Leichtigkeitsengel Acryl auf Holzbox Ma\u00dfe: H\u00f6he 40 cm, Breite 20 cm Geeignet zum Aufstellen oder Aufh\u00e4ngen\"}]},{\"@type\":\"WebSite\",\"@id\":\"https:\\\/\\\/www.linditamorina.ch\\\/#website\",\"url\":\"https:\\\/\\\/www.linditamorina.ch\\\/\",\"name\":\"Lindita Morina\",\"description\":\"\",\"publisher\":{\"@id\":\"https:\\\/\\\/www.linditamorina.ch\\\/#\\\/schema\\\/person\\\/4083822b80eaacdce90739e778717db5\"},\"potentialAction\":[{\"@type\":\"SearchAction\",\"target\":{\"@type\":\"EntryPoint\",\"urlTemplate\":\"https:\\\/\\\/www.linditamorina.ch\\\/?s={search_term_string}\"},\"query-input\":{\"@type\":\"PropertyValueSpecification\",\"valueRequired\":true,\"valueName\":\"search_term_string\"}}],\"inLanguage\":\"sq\"},{\"@type\":[\"Person\",\"Organization\"],\"@id\":\"https:\\\/\\\/www.linditamorina.ch\\\/#\\\/schema\\\/person\\\/4083822b80eaacdce90739e778717db5\",\"name\":\"Lindita Morina\",\"image\":{\"@type\":\"ImageObject\",\"inLanguage\":\"sq\",\"@id\":\"https:\\\/\\\/www.linditamorina.ch\\\/wp-content\\\/uploads\\\/2022\\\/08\\\/Lindita-Morina-in-der-Natur.jpg\",\"url\":\"https:\\\/\\\/www.linditamorina.ch\\\/wp-content\\\/uploads\\\/2022\\\/08\\\/Lindita-Morina-in-der-Natur.jpg\",\"contentUrl\":\"https:\\\/\\\/www.linditamorina.ch\\\/wp-content\\\/uploads\\\/2022\\\/08\\\/Lindita-Morina-in-der-Natur.jpg\",\"width\":500,\"height\":620,\"caption\":\"Lindita Morina\"},\"logo\":{\"@id\":\"https:\\\/\\\/www.linditamorina.ch\\\/wp-content\\\/uploads\\\/2022\\\/08\\\/Lindita-Morina-in-der-Natur.jpg\"},\"sameAs\":[\"https:\\\/\\\/linditamorina.ch\"]}]}<\/script>\n<!-- \/ Yoast SEO plugin. -->","yoast_head_json":{"title":"Leichtigkeitsengel Acryl auf Holzbox Ma\u00dfe: H\u00f6he 40 cm, Breite 20 cm Geeignet zum Aufstellen oder Aufh\u00e4ngen - Lindita Morina","robots":{"index":"index","follow":"follow","max-snippet":"max-snippet:-1","max-image-preview":"max-image-preview:large","max-video-preview":"max-video-preview:-1"},"canonical":"https:\/\/www.linditamorina.ch\/sq\/product\/leichtigkeitsengel-acryl-auf-holzbox-masse-hoehe-40-cm-breite-20-cm-geeignet-zum-aufstellen-oder-aufhaengen\/","og_locale":"sq_AL","og_type":"article","og_title":"Leichtigkeitsengel Acryl auf Holzbox Ma\u00dfe: H\u00f6he 40 cm, Breite 20 cm Geeignet zum Aufstellen oder Aufh\u00e4ngen - Lindita Morina","og_description":"Leichtigkeitsengel Ich habe mir wieder einmal Zeit zum Malen genommen.Dabei entstand diese Engel \u2013 aus Leichtigkeit und einem tiefen Gef\u00fchl von Zufriedenheit. Der Moment war in sich stimmig und vollst\u00e4ndig. Manchmal entsteht genau dann das Wesentliche,wenn wir dem Prozess vertrauen und nichts mehr hinzuf\u00fcgen.","og_url":"https:\/\/www.linditamorina.ch\/sq\/product\/leichtigkeitsengel-acryl-auf-holzbox-masse-hoehe-40-cm-breite-20-cm-geeignet-zum-aufstellen-oder-aufhaengen\/","og_site_name":"Lindita Morina","article_modified_time":"2026-02-26T21:04:54+00:00","og_image":[{"width":785,"height":1600,"url":"https:\/\/www.linditamorina.ch\/wp-content\/uploads\/2026\/02\/1000336810.jpg","type":"image\/jpeg"}],"twitter_card":"summary_large_image","twitter_misc":{"Est. reading time":"1 minut\u00eb"},"schema":{"@context":"https:\/\/schema.org","@graph":[{"@type":"WebPage","@id":"https:\/\/www.linditamorina.ch\/produkt\/leichtigkeitsengel-acryl-auf-holzbox-masse-hoehe-40-cm-breite-20-cm-geeignet-zum-aufstellen-oder-aufhaengen\/","url":"https:\/\/www.linditamorina.ch\/produkt\/leichtigkeitsengel-acryl-auf-holzbox-masse-hoehe-40-cm-breite-20-cm-geeignet-zum-aufstellen-oder-aufhaengen\/","name":"Leichtigkeitsengel Acryl auf Holzbox Ma\u00dfe: H\u00f6he 40 cm, Breite 20 cm Geeignet zum Aufstellen oder Aufh\u00e4ngen - Lindita Morina","isPartOf":{"@id":"https:\/\/www.linditamorina.ch\/#website"},"primaryImageOfPage":{"@id":"https:\/\/www.linditamorina.ch\/produkt\/leichtigkeitsengel-acryl-auf-holzbox-masse-hoehe-40-cm-breite-20-cm-geeignet-zum-aufstellen-oder-aufhaengen\/#primaryimage"},"image":{"@id":"https:\/\/www.linditamorina.ch\/produkt\/leichtigkeitsengel-acryl-auf-holzbox-masse-hoehe-40-cm-breite-20-cm-geeignet-zum-aufstellen-oder-aufhaengen\/#primaryimage"},"thumbnailUrl":"https:\/\/www.linditamorina.ch\/wp-content\/uploads\/2026\/02\/1000336810.jpg","datePublished":"2026-02-16T16:47:25+00:00","dateModified":"2026-02-26T21:04:54+00:00","breadcrumb":{"@id":"https:\/\/www.linditamorina.ch\/produkt\/leichtigkeitsengel-acryl-auf-holzbox-masse-hoehe-40-cm-breite-20-cm-geeignet-zum-aufstellen-oder-aufhaengen\/#breadcrumb"},"inLanguage":"sq","potentialAction":[{"@type":"ReadAction","target":["https:\/\/www.linditamorina.ch\/produkt\/leichtigkeitsengel-acryl-auf-holzbox-masse-hoehe-40-cm-breite-20-cm-geeignet-zum-aufstellen-oder-aufhaengen\/"]}]},{"@type":"ImageObject","inLanguage":"sq","@id":"https:\/\/www.linditamorina.ch\/produkt\/leichtigkeitsengel-acryl-auf-holzbox-masse-hoehe-40-cm-breite-20-cm-geeignet-zum-aufstellen-oder-aufhaengen\/#primaryimage","url":"https:\/\/www.linditamorina.ch\/wp-content\/uploads\/2026\/02\/1000336810.jpg","contentUrl":"https:\/\/www.linditamorina.ch\/wp-content\/uploads\/2026\/02\/1000336810.jpg","width":785,"height":1600,"caption":"Leichtigkeitsengel Acryl auf Holzbox Ma\u00dfe: H\u00f6he 40 cm, Breite 20 cm Geeignet zum Aufstellen oder Aufh\u00e4ngen Preis. 350"},{"@type":"BreadcrumbList","@id":"https:\/\/www.linditamorina.ch\/produkt\/leichtigkeitsengel-acryl-auf-holzbox-masse-hoehe-40-cm-breite-20-cm-geeignet-zum-aufstellen-oder-aufhaengen\/#breadcrumb","itemListElement":[{"@type":"ListItem","position":1,"name":"Startseite","item":"https:\/\/www.linditamorina.ch\/"},{"@type":"ListItem","position":2,"name":"Produkte","item":"https:\/\/www.linditamorina.ch\/shop\/"},{"@type":"ListItem","position":3,"name":"Leichtigkeitsengel Acryl auf Holzbox Ma\u00dfe: H\u00f6he 40 cm, Breite 20 cm Geeignet zum Aufstellen oder Aufh\u00e4ngen"}]},{"@type":"WebSite","@id":"https:\/\/www.linditamorina.ch\/#website","url":"https:\/\/www.linditamorina.ch\/","name":"Lindita Morina","description":"","publisher":{"@id":"https:\/\/www.linditamorina.ch\/#\/schema\/person\/4083822b80eaacdce90739e778717db5"},"potentialAction":[{"@type":"SearchAction","target":{"@type":"EntryPoint","urlTemplate":"https:\/\/www.linditamorina.ch\/?s={search_term_string}"},"query-input":{"@type":"PropertyValueSpecification","valueRequired":true,"valueName":"search_term_string"}}],"inLanguage":"sq"},{"@type":["Person","Organization"],"@id":"https:\/\/www.linditamorina.ch\/#\/schema\/person\/4083822b80eaacdce90739e778717db5","name":"Lindita Morina","image":{"@type":"ImageObject","inLanguage":"sq","@id":"https:\/\/www.linditamorina.ch\/wp-content\/uploads\/2022\/08\/Lindita-Morina-in-der-Natur.jpg","url":"https:\/\/www.linditamorina.ch\/wp-content\/uploads\/2022\/08\/Lindita-Morina-in-der-Natur.jpg","contentUrl":"https:\/\/www.linditamorina.ch\/wp-content\/uploads\/2022\/08\/Lindita-Morina-in-der-Natur.jpg","width":500,"height":620,"caption":"Lindita Morina"},"logo":{"@id":"https:\/\/www.linditamorina.ch\/wp-content\/uploads\/2022\/08\/Lindita-Morina-in-der-Natur.jpg"},"sameAs":["https:\/\/linditamorina.ch"]}]}},"jetpack_sharing_enabled":true,"_links":{"self":[{"href":"https:\/\/www.linditamorina.ch\/sq\/wp-json\/wp\/v2\/product\/8623","targetHints":{"allow":["GET"]}}],"collection":[{"href":"https:\/\/www.linditamorina.ch\/sq\/wp-json\/wp\/v2\/product"}],"about":[{"href":"https:\/\/www.linditamorina.ch\/sq\/wp-json\/wp\/v2\/types\/product"}],"replies":[{"embeddable":true,"href":"https:\/\/www.linditamorina.ch\/sq\/wp-json\/wp\/v2\/comments?post=8623"}],"wp:featuredmedia":[{"embeddable":true,"href":"https:\/\/www.linditamorina.ch\/sq\/wp-json\/wp\/v2\/media\/8633"}],"wp:attachment":[{"href":"https:\/\/www.linditamorina.ch\/sq\/wp-json\/wp\/v2\/media?parent=8623"}],"wp:term":[{"taxonomy":"product_cat","embeddable":true,"href":"https:\/\/www.linditamorina.ch\/sq\/wp-json\/wp\/v2\/product_cat?post=8623"},{"taxonomy":"product_tag","embeddable":true,"href":"https:\/\/www.linditamorina.ch\/sq\/wp-json\/wp\/v2\/product_tag?post=8623"}],"curies":[{"name":"wp","href":"https:\/\/api.w.org\/{rel}","templated":true}]}}